{"id":13411,"date":"2025-11-07T00:24:38","date_gmt":"2025-11-06T23:24:38","guid":{"rendered":"https:\/\/b2b.oldvaliens.com\/mentions-legales\/"},"modified":"2025-11-20T12:05:39","modified_gmt":"2025-11-20T11:05:39","slug":"mentions-legales","status":"publish","type":"page","link":"https:\/\/b2b.oldvaliens.com\/fiarucci\/fr\/mentions-legales\/","title":{"rendered":"Mentions l\u00e9gales"},"content":{"rendered":"\t\t<div data-elementor-type=\"wp-page\" data-elementor-id=\"13411\" class=\"elementor elementor-13411 elementor-13339\" data-elementor-post-type=\"page\">\n\t\t\t\t<div class=\"elementor-element elementor-element-4ce453a e-flex e-con-boxed e-con e-parent\" data-id=\"4ce453a\" data-element_type=\"container\" data-e-type=\"container\">\n\t\t\t\t\t<div class=\"e-con-inner\">\n\t\t\t\t<div class=\"elementor-element elementor-element-14abe30 elementor-widget elementor-widget-heading\" data-id=\"14abe30\" data-element_type=\"widget\" data-e-type=\"widget\" data-widget_type=\"heading.default\">\n\t\t\t\t\t<h1 class=\"elementor-heading-title elementor-size-default\">Mentions l\u00e9gales<\/h1>\t\t\t\t<\/div>\n\t\t\t\t<div class=\"elementor-element elementor-element-5c33d20 elementor-widget elementor-widget-text-editor\" data-id=\"5c33d20\" data-element_type=\"widget\" data-e-type=\"widget\" data-widget_type=\"text-editor.default\">\n\t\t\t\t\t\t\t\t\t<p>Le site Web b2b.oldvaliens.com (ci-apr\u00e8s d\u00e9nomm\u00e9 \u00ab Site Web \u00bb) appartient \u00e0 PACO VALIENTE, S.L.U. (ci-apr\u00e8s d\u00e9nomm\u00e9 \u00ab Paco Valiente \u00bb) avec le code d&rsquo;identification fiscale ESB02050334.<\/p><p>Cette Mention l\u00e9gale contient les conditions qui r\u00e9gissent g\u00e9n\u00e9ralement l&rsquo;acc\u00e8s au Site Web pour consulter les produits disponibles dans le catalogue en ligne, s&rsquo;inscrire sur le Site Web et v\u00e9rifier nos \u00e9v\u00e9nements et actualit\u00e9s.<\/p><p>En cas de questions ou de suggestions, vous pouvez nous envoyer un e-mail \u00e0 l&rsquo;adresse suivante : <a href=\"mailto:fiarucci@oldvaliens.com\">fiarucci@oldvaliens.com<\/a>, ou nous contacter via le formulaire de contact mis en place sur le Site Web.<\/p><h2><strong>Conditions g\u00e9n\u00e9rales<\/strong><\/h2><p>L&rsquo;acc\u00e8s et l&rsquo;utilisation du Site Web font de toute personne un Utilisateur du site, et impliquent l&rsquo;acceptation de cette MENTION L\u00c9GALE, sans pr\u00e9judice des conditions particuli\u00e8res qui peuvent \u00eatre requises pour l&rsquo;utilisation de services sp\u00e9cifiques et certains.<\/p><p>L&rsquo;Utilisateur est entendu comme toute personne qui acc\u00e8de, navigue ou utilise le site, ou participe aux services et activit\u00e9s, qu&rsquo;ils soient gratuits ou payants, qui s&rsquo;y d\u00e9roulent. L&rsquo;Utilisateur doit lire attentivement cette MENTION L\u00c9GALE chaque fois qu&rsquo;il a l&rsquo;intention d&rsquo;utiliser le Site Web, car la Mention et le Site Web peuvent avoir \u00e9t\u00e9 modifi\u00e9s. <\/p><p>Par cons\u00e9quent, si l&rsquo;Utilisateur n&rsquo;est pas d&rsquo;accord avec l&rsquo;une des conditions contenues dans cette mention, il doit cesser imm\u00e9diatement d&rsquo;utiliser le Site Web.<\/p><p>Paco Valiens se r\u00e9serve le droit de modifier et\/ou d&rsquo;adapter le Site Web ou cette MENTION L\u00c9GALE \u00e0 tout moment sans pr\u00e9avis, afin de se conformer \u00e0 tout changement pertinent dans la l\u00e9gislation en vigueur ou pour tout autre objectif d\u00e9riv\u00e9 de son mod\u00e8le commercial ou de ses modifications, ou pour toute autre cause jug\u00e9e opportune par Paco Valiens. La nouvelle formulation des conditions sera publi\u00e9e sur le m\u00eame Site Web. La dur\u00e9e de validit\u00e9 de ces conditions g\u00e9n\u00e9rales co\u00efncidera donc avec le temps de leur exposition, jusqu&rsquo;\u00e0 ce qu&rsquo;elles soient totalement ou partiellement modifi\u00e9es, moment auquel les conditions g\u00e9n\u00e9rales modifi\u00e9es entreront en vigueur.  <\/p><p>Dans le cas o\u00f9 une ou plusieurs dispositions de ces conditions g\u00e9n\u00e9rales seraient jug\u00e9es nulles et non avenues ou inapplicables, en tout ou en partie, par un tribunal, une cour ou un organisme administratif comp\u00e9tent, cette nullit\u00e9 ou d\u00e9rogation n&rsquo;affectera pas les autres dispositions des conditions g\u00e9n\u00e9rales ou toute condition particuli\u00e8re des divers services possibles ex\u00e9cut\u00e9s par Paco Valiens.<\/p><h3>1. Conditions sp\u00e9cifiques d&rsquo;inscription<strong><br><\/strong><\/h3><p>Ces Conditions sp\u00e9cifiques d&rsquo;inscription sont conclues d&rsquo;une part par le Propri\u00e9taire du Site Web, et d&rsquo;autre part, par l&rsquo;Utilisateur, la personne physique qui a rempli le formulaire pour cr\u00e9er un compte et suivi les \u00e9tapes indiqu\u00e9es sur le Site Web destin\u00e9es \u00e0 effectuer l&rsquo;inscription, ainsi que l&rsquo;acceptation de ces Conditions sp\u00e9cifiques.<\/p><h4>1.1. Exigences et proc\u00e9dure pour cr\u00e9er un compte<strong><br><\/strong><\/h4><p>Pour cr\u00e9er un compte sur le Site Web, l&rsquo;Utilisateur doit \u00eatre une personne physique majeure, conform\u00e9ment \u00e0 la loi espagnole.<\/p><p>L&rsquo;Utilisateur doit acc\u00e9der \u00e0 l&rsquo;option \u00ab <em>Cr\u00e9er un compte<\/em> \u00bb, saisir son adresse e-mail puis la confirmer avec un mot de passe en utilisant le formulaire d\u00e9sign\u00e9 \u00e0 cet effet. L&rsquo;Utilisateur doit compl\u00e9ter toutes les \u00e9tapes indiqu\u00e9es sur le Site Web, y compris l&rsquo;acceptation de la Politique de confidentialit\u00e9 et des Conditions sp\u00e9cifiques d&rsquo;inscription, et se verra alors accorder le statut d&rsquo;Utilisateur enregistr\u00e9 conform\u00e9ment aux dispositions de ces Conditions. <\/p><p>La confirmation de l&rsquo;inscription et l&rsquo;identification en tant qu&rsquo;Utilisateur enregistr\u00e9 se feront via l&rsquo;acc\u00e8s au Site Web, comme indiqu\u00e9 dans le message de bienvenue envoy\u00e9 par le Site Web.<\/p><p>Dans le cas o\u00f9 l&rsquo;Utilisateur enregistr\u00e9 ne se souvient pas du mot de passe, il peut utiliser la fonction \u00ab <em>J&rsquo;ai oubli\u00e9 mon mot de passe<\/em> \u00bb pour le r\u00e9initialiser, en indiquant l&rsquo;adresse e-mail avec laquelle l&rsquo;inscription a \u00e9t\u00e9 effectu\u00e9e, et un message sera automatiquement envoy\u00e9 permettant d&rsquo;\u00e9tablir un nouveau mot de passe via un lien.<\/p><h4>1.2. Le site web<strong><br><\/strong><\/h4><p>L&rsquo;inscription sur le Site Web vous permet d&rsquo;acheter les produits disponibles dans le catalogue en ligne, ainsi que de conserver un enregistrement des achats effectu\u00e9s. Les Utilisateurs enregistr\u00e9s pourront pr\u00e9parer des listes en s\u00e9lectionnant leurs produits favoris et sauvegarder les informations relatives aux m\u00e9thodes de paiement et aux adresses de commande pour les achats futurs. <\/p><h4>1.3. Obligations de l&rsquo;utilisateur enregistr\u00e9<strong><br><\/strong><\/h4><p>L&rsquo;Utilisateur enregistr\u00e9 a les obligations suivantes :<\/p><p>Ne pas enregistrer plusieurs comptes d&rsquo;Utilisateur sur le Site Web, ni le faire en utilisant de fausses informations ou en usurpant l&rsquo;identit\u00e9 de tiers.<\/p><p>Ne pas utiliser ou tenter d&rsquo;utiliser le compte d&rsquo;un autre Utilisateur, sans autorisation ou consentement.<\/p><p>Accepter la responsabilit\u00e9 exclusive de toutes les activit\u00e9s provenant de ce profil d&rsquo;utilisateur enregistr\u00e9 sur le Site Web.<\/p><p>S&rsquo;assurer que les donn\u00e9es d&rsquo;acc\u00e8s sont gard\u00e9es confidentielles, car l&rsquo;Utilisateur sera responsable de tout dommage subi ou subi par des tiers en raison du non-respect de ces Conditions. Vous \u00eates \u00e9galement responsable de toutes les actions entreprises via votre profil d&rsquo;Utilisateur enregistr\u00e9 \u00e0 moins qu&rsquo;il n&rsquo;ait \u00e9t\u00e9 d\u00e9sactiv\u00e9 ou que sa s\u00e9curit\u00e9 ait \u00e9t\u00e9 compromise en raison de causes externes. En particulier, vous devez :  <\/p><ul><li>Maintenir votre compte \u00e0 jour.<\/li><li>Conserver le mot de passe choisi de mani\u00e8re confidentielle.<\/li><li>Vous assurer que vous \u00eates le seul Utilisateur utilisant le compte cr\u00e9\u00e9.<\/li><li>Ne jamais commercialiser, vendre ou transf\u00e9rer le compte \u00e0 un tiers.<\/li><\/ul><p>Toute inscription ou acc\u00e8s aux services disponibles utilisant de fausses donn\u00e9es exemptera le Propri\u00e9taire de toute responsabilit\u00e9 puisque l&rsquo;Utilisateur enregistr\u00e9 est responsable de fournir ses donn\u00e9es v\u00e9ridiques sur le Site Web.<\/p><h4>1.4. Modification et annulation du compte d&rsquo;utilisateur enregistr\u00e9<strong><br><\/strong><\/h4><p>\u00c0 tout moment, l&rsquo;Utilisateur enregistr\u00e9 peut modifier les donn\u00e9es du compte cr\u00e9\u00e9, ainsi que le supprimer au moyen d&rsquo;une communication adress\u00e9e au Propri\u00e9taire au compte e-mail <a href=\"mailto:fiarucci@oldvaliens.com\">fiarucci@oldvaliens.com<\/a>.<\/p><h3>2. Obligations des Utilisateurs<strong><br><\/strong><\/h3><p>Les Utilisateurs (qui le deviennent simplement en acc\u00e9dant et en naviguant sur le Site Web) doivent :<\/p><p>Utiliser le Site Web de mani\u00e8re diligente, correcte et l\u00e9gale, en respectant la l\u00e9gislation en vigueur et en agissant conform\u00e9ment aux bonnes conduites g\u00e9n\u00e9ralement accept\u00e9es et \u00e0 l&rsquo;ordre public en tout temps.<\/p><p>Examiner p\u00e9riodiquement ces Conditions g\u00e9n\u00e9rales d&rsquo;utilisation ou toute autre qui peut \u00eatre applicable, en v\u00e9rifiant tout changement qui peut survenir.<\/p><p>Examiner toute communication qui est envoy\u00e9e, car elle peut contenir des informations importantes.<\/p><p>Ne jamais utiliser le Site Web \u00e0 des fins commerciales, et en particulier ne jamais collecter d&rsquo;informations ou de contenu dans le but de fournir des services qui concurrencent clairement ceux du Propri\u00e9taire.<\/p><p>Ne jamais modifier d&rsquo;aucune mani\u00e8re (ou tenter de modifier) le Site Web, ou entreprendre des actions ou utiliser des ressources imitant son apparence ou ses fonctions.<\/p><p>Ne jamais endommager, d\u00e9sactiver, surcharger ou alt\u00e9rer le service (ou le r\u00e9seau ou les r\u00e9seaux connect\u00e9s au service), ou interf\u00e9rer avec son utilisation et sa jouissance par d&rsquo;autres.<\/p><p>S&rsquo;abstenir d&rsquo;effectuer toute action qui implique l&rsquo;introduction de virus, vers, chevaux de Troie ou tout autre type de code malveillant con\u00e7u pour interrompre, d\u00e9truire ou limiter la fonctionnalit\u00e9 du Site Web.<\/p><p>Ne pas utiliser de techniques d&rsquo;ing\u00e9nierie inverse, de d\u00e9cryptage, de d\u00e9compilation ou tout autre syst\u00e8me ou processus destin\u00e9 \u00e0 d\u00e9couvrir le code source du Site Web.<\/p><p>Ne jamais entreprendre en aucune circonstance tout type d&rsquo;activit\u00e9 qui peut porter atteinte aux droits ou int\u00e9r\u00eats du Propri\u00e9taire ou de tout tiers, comme, par exemple, les droits de propri\u00e9t\u00e9 intellectuelle ou industrielle (brevets, marques, droits d&rsquo;auteur, secrets commerciaux, etc.).<\/p><h3>3. Droits de propri\u00e9t\u00e9 intellectuelle et industrielle<strong><br><\/strong><\/h3><p>Paco Valiens poss\u00e8de les droits d&rsquo;auteur sur tous les \u00e9l\u00e9ments qui composent le Site Web tels que couverts par cette discipline, qui en particulier seront entendus comme signifiant les textes, graphiques, dessins, designs, codes, logiciels, photographies, musique, vid\u00e9os, sons, bases de donn\u00e9es, images, expressions et informations et autres contenus, soit par propri\u00e9t\u00e9 originale qui accorde un exercice exclusif pour les droits d&rsquo;exploiter tout ou partie du contenu, soit en ayant obtenu les licences pertinentes d&rsquo;utilisation ou les cessions de droits sur tous ou certains des \u00e9l\u00e9ments contenus dans le Site Web prot\u00e9g\u00e9 par le droit d&rsquo;auteur.<\/p><p>De m\u00eame, Paco Valiens peut \u00e9galement revendiquer la propri\u00e9t\u00e9 industrielle des signes distinctifs contenus dans le Site Web qui sont soumis \u00e0 cette discipline, de mani\u00e8re similaire au cas pr\u00e9c\u00e9dent, soit en tant que propri\u00e9taire original soit en tant que licenci\u00e9.<\/p><p>En aucune circonstance l&rsquo;acc\u00e8s et la navigation de l&rsquo;Utilisateur sur le Site Web n&rsquo;impliquent une renonciation, un transfert, une licence ou une cession totale ou partielle desdits droits de propri\u00e9t\u00e9 intellectuelle et industrielle par Paco Valiens.<\/p><p>Toute violation par l&rsquo;Utilisateur des droits de propri\u00e9t\u00e9 intellectuelle et industrielle qui prot\u00e8gent le contenu du Site Web, ou toute utilisation non autoris\u00e9e de ces \u00e9l\u00e9ments, engagera les responsabilit\u00e9s \u00e9tablies dans la l\u00e9gislation applicable en vigueur.<\/p><h3>4. Exon\u00e9ration de responsabilit\u00e9<strong><br><\/strong><\/h3><p>Peter Hunt ne garantit pas la l\u00e9galit\u00e9, la fiabilit\u00e9, l&rsquo;utilit\u00e9, la v\u00e9racit\u00e9 ou l&rsquo;exactitude des services ou informations diffus\u00e9s par le Site Web, ou qu&rsquo;ils soient exempts de virus ou de composants nuisibles. N\u00e9anmoins, Paco Valiens d\u00e9clare qu&rsquo;il a pris toutes les mesures n\u00e9cessaires, dans ses pouvoirs et les limites de la technologie actuelle, pour garantir le fonctionnement correct et ad\u00e9quat du Site Web, et s&rsquo;engage, dans la mesure du possible, \u00e0 exercer une diligence normale dans la correction de toute erreur qui peut survenir, qu&rsquo;elle soit technique ou autre, \u00e0 condition que les circonstances pr\u00e9valentes ne rendent pas cela impossible ou difficile \u00e0 ex\u00e9cuter. <\/p><h3>5. Droits de tiers<strong><br><\/strong><\/h3><p>Sur le Site Web, il est probable que l&rsquo;Utilisateur trouvera des liens vers d&rsquo;autres pages web utilisant divers liens, banni\u00e8res, etc., qui sont g\u00e9r\u00e9s par des tiers. Peter Hunt n&rsquo;est pas responsable du contenu ou de tout autre aspect des Sites Web vers lesquels de tels liens peuvent mener. L&rsquo;\u00e9tablissement de tout type de lien par le Site Web vers tout autre Site Web n&rsquo;implique pas qu&rsquo;il y ait n\u00e9cessairement tout type de relation, collaboration ou d\u00e9pendance entre Paco Valiens et la partie responsable de l&rsquo;autre Site Web.  <\/p><p>Paco Valiens ne garantit pas la l\u00e9galit\u00e9, la fiabilit\u00e9 et l&rsquo;utilit\u00e9 des services fournis par des tiers par le Site Web ou o\u00f9 Paco Valiens agit seulement comme un support publicitaire ou un fournisseur de services interm\u00e9diaires.<\/p><p>Paco Valiens ne sera pas responsable de tout dommage de tout type caus\u00e9 par les services fournis par des tiers par cette page, ni pour tout contenu, information ou service auquel le Site Web peut \u00eatre li\u00e9, ni ne garantit l&rsquo;absence de virus ou d&rsquo;autres composants nuisibles d\u00e9riv\u00e9s de tels services de tiers.<\/p><h3>6. Infractions<strong><br><\/strong><\/h3><p>Le Propri\u00e9taire peut sanctionner tout Utilisateur qui ne respecte pas les conditions qui lui sont applicables et peut potentiellement l&rsquo;exclure du Site Web, temporairement ou ind\u00e9finiment. La dur\u00e9e de la sanction d\u00e9pendra du type d&rsquo;infraction. Une telle restriction d&rsquo;acc\u00e8s ne signifiera en aucune circonstance un droit \u00e0 compensation.  <\/p><h3>7. R\u00e9mun\u00e9ration<strong><br><\/strong><\/h3><p>Tout type de dommages, pertes ou co\u00fbts (y compris les honoraires d&rsquo;avocats et\/ou de solliciteurs) r\u00e9sultant d&rsquo;une violation par l&rsquo;Utilisateur de ces Conditions ou de toute autre condition applicable encourus par le Propri\u00e9taire seront pay\u00e9s par l&rsquo;Utilisateur qui les a caus\u00e9s. Cela inclut toute r\u00e9clamation de tiers r\u00e9sultant de ce non-respect. <\/p><h3>8. Modifications<strong><br><\/strong><\/h3><p>Ces Conditions peuvent \u00eatre modifi\u00e9es \u00e0 tout moment et\/ou mises \u00e0 jour sans pr\u00e9avis. Les changements prendront effet \u00e0 partir de la date de publication sur le Site Web, quel que soit le support et la forme utilis\u00e9s \u00e0 cette fin. <\/p><p>Les amendements n&rsquo;affecteront que les Utilisateurs qui les avaient accept\u00e9s apr\u00e8s la modification.<\/p><h3>9. Autres questions<strong><br><\/strong><\/h3><h4>9.1. Sauvegarde<\/h4><p>Si l&rsquo;une des clauses de cette MENTION L\u00c9GALE devait \u00eatre d\u00e9clar\u00e9e nulle et non avenue par imp\u00e9ratif l\u00e9gal ou voir sa validit\u00e9 diminu\u00e9e, cette circonstance n&rsquo;affectera pas, dans la mesure du possible, le reste de son contenu. Toute disposition d\u00e9clar\u00e9e invalide ou inapplicable sera remplac\u00e9e par des dispositions valides qui correspondent le plus \u00e9troitement possible \u00e0 l&rsquo;esprit et au but de cette MENTION L\u00c9GALE. <\/p><h4>9.2. Langue<\/h4><p>Cette MENTION L\u00c9GALE est disponible en anglais, fran\u00e7ais et allemand selon la langue de navigation s\u00e9lectionn\u00e9e dans le coin sup\u00e9rieur droit du Site Web.<\/p><p>En cas de contradiction ou de divergence entre les dispositions dans l&rsquo;une ou l&rsquo;autre langue, la version en langue anglaise pr\u00e9vaudra toujours.<\/p><h4>9.3. Loi et juridiction<\/h4><p>La relation entre le Propri\u00e9taire et l&rsquo;Utilisateur sera r\u00e9gie par la loi espagnole et tout d\u00e9saccord ou conflit concernant ces Conditions sera soumis aux Tribunaux et Cours de l&rsquo;adresse enregistr\u00e9e de l&rsquo;Utilisateur, \u00e0 condition que l&rsquo;Utilisateur soit un consommateur et Utilisateur conform\u00e9ment aux r\u00e9glementations applicables.<\/p>\t\t\t\t\t\t\t\t<\/div>\n\t\t\t\t\t<\/div>\n\t\t\t\t<\/div>\n\t\t\t\t<\/div>\n\t\t","protected":false},"excerpt":{"rendered":"<p>Mentions l\u00e9gales Le site Web b2b.oldvaliens.com (ci-apr\u00e8s d\u00e9nomm\u00e9 \u00ab Site Web \u00bb) appartient \u00e0 PACO VALIENTE, S.L.U. (ci-apr\u00e8s d\u00e9nomm\u00e9 \u00ab Paco Valiente \u00bb) avec le code d&rsquo;identification fiscale ESB02050334. Cette Mention l\u00e9gale contient les conditions qui r\u00e9gissent g\u00e9n\u00e9ralement l&rsquo;acc\u00e8s au Site Web pour consulter les produits disponibles dans le catalogue en ligne, s&rsquo;inscrire sur le [&hellip;]<\/p>\n","protected":false},"author":1,"featured_media":0,"parent":0,"menu_order":0,"comment_status":"closed","ping_status":"closed","template":"","meta":{"footnotes":""},"class_list":["post-13411","page","type-page","status-publish","hentry"],"yoast_head":"<!-- This site is optimized with the Yoast SEO plugin v27.4 - https:\/\/yoast.com\/product\/yoast-seo-wordpress\/ -->\n<title>Mentions l\u00e9gales - Fiarucci<\/title>\n<meta name=\"robots\" content=\"index, follow, max-snippet:-1, max-image-preview:large, max-video-preview:-1\" \/>\n<link rel=\"canonical\" href=\"https:\/\/b2b.oldvaliens.com\/fiarucci\/legal-notice\/\" \/>\n<meta property=\"og:locale\" content=\"fr_FR\" \/>\n<meta property=\"og:type\" content=\"article\" \/>\n<meta property=\"og:title\" content=\"Mentions l\u00e9gales - Fiarucci\" \/>\n<meta property=\"og:description\" content=\"Mentions l\u00e9gales Le site Web b2b.oldvaliens.com (ci-apr\u00e8s d\u00e9nomm\u00e9 \u00ab Site Web \u00bb) appartient \u00e0 PACO VALIENTE, S.L.U. (ci-apr\u00e8s d\u00e9nomm\u00e9 \u00ab Paco Valiente \u00bb) avec le code d&rsquo;identification fiscale ESB02050334. Cette Mention l\u00e9gale contient les conditions qui r\u00e9gissent g\u00e9n\u00e9ralement l&rsquo;acc\u00e8s au Site Web pour consulter les produits disponibles dans le catalogue en ligne, s&rsquo;inscrire sur le [&hellip;]\" \/>\n<meta property=\"og:url\" content=\"https:\/\/b2b.oldvaliens.com\/fiarucci\/legal-notice\/\" \/>\n<meta property=\"og:site_name\" content=\"Fiarucci\" \/>\n<meta property=\"article:modified_time\" content=\"2025-11-20T11:05:39+00:00\" \/>\n<meta name=\"twitter:card\" content=\"summary_large_image\" \/>\n<meta name=\"twitter:label1\" content=\"Dur\u00e9e de lecture estim\u00e9e\" \/>\n\t<meta name=\"twitter:data1\" content=\"11 minutes\" \/>\n<script type=\"application\/ld+json\" class=\"yoast-schema-graph\">{\"@context\":\"https:\\\/\\\/schema.org\",\"@graph\":[{\"@type\":\"WebPage\",\"@id\":\"https:\\\/\\\/b2b.oldvaliens.com\\\/fiarucci\\\/legal-notice\\\/\",\"url\":\"https:\\\/\\\/b2b.oldvaliens.com\\\/fiarucci\\\/legal-notice\\\/\",\"name\":\"Mentions l\u00e9gales - Fiarucci\",\"isPartOf\":{\"@id\":\"https:\\\/\\\/b2b.oldvaliens.com\\\/fiarucci\\\/#website\"},\"datePublished\":\"2025-11-06T23:24:38+00:00\",\"dateModified\":\"2025-11-20T11:05:39+00:00\",\"breadcrumb\":{\"@id\":\"https:\\\/\\\/b2b.oldvaliens.com\\\/fiarucci\\\/legal-notice\\\/#breadcrumb\"},\"inLanguage\":\"fr-FR\",\"potentialAction\":[{\"@type\":\"ReadAction\",\"target\":[\"https:\\\/\\\/b2b.oldvaliens.com\\\/fiarucci\\\/legal-notice\\\/\"]}]},{\"@type\":\"BreadcrumbList\",\"@id\":\"https:\\\/\\\/b2b.oldvaliens.com\\\/fiarucci\\\/legal-notice\\\/#breadcrumb\",\"itemListElement\":[{\"@type\":\"ListItem\",\"position\":1,\"name\":\"Home\",\"item\":\"https:\\\/\\\/b2b.oldvaliens.com\\\/fiarucci\\\/\"},{\"@type\":\"ListItem\",\"position\":2,\"name\":\"Mentions l\u00e9gales\"}]},{\"@type\":\"WebSite\",\"@id\":\"https:\\\/\\\/b2b.oldvaliens.com\\\/fiarucci\\\/#website\",\"url\":\"https:\\\/\\\/b2b.oldvaliens.com\\\/fiarucci\\\/\",\"name\":\"Fiarucci\",\"description\":\"\",\"publisher\":{\"@id\":\"https:\\\/\\\/b2b.oldvaliens.com\\\/fiarucci\\\/#organization\"},\"potentialAction\":[{\"@type\":\"SearchAction\",\"target\":{\"@type\":\"EntryPoint\",\"urlTemplate\":\"https:\\\/\\\/b2b.oldvaliens.com\\\/fiarucci\\\/?s={search_term_string}\"},\"query-input\":{\"@type\":\"PropertyValueSpecification\",\"valueRequired\":true,\"valueName\":\"search_term_string\"}}],\"inLanguage\":\"fr-FR\"},{\"@type\":\"Organization\",\"@id\":\"https:\\\/\\\/b2b.oldvaliens.com\\\/fiarucci\\\/#organization\",\"name\":\"Fiarucci\",\"url\":\"https:\\\/\\\/b2b.oldvaliens.com\\\/fiarucci\\\/\",\"logo\":{\"@type\":\"ImageObject\",\"inLanguage\":\"fr-FR\",\"@id\":\"https:\\\/\\\/b2b.oldvaliens.com\\\/fiarucci\\\/#\\\/schema\\\/logo\\\/image\\\/\",\"url\":\"https:\\\/\\\/b2b.oldvaliens.com\\\/fiarucci\\\/wp-content\\\/uploads\\\/sites\\\/2\\\/2025\\\/09\\\/logo_678.gif\",\"contentUrl\":\"https:\\\/\\\/b2b.oldvaliens.com\\\/fiarucci\\\/wp-content\\\/uploads\\\/sites\\\/2\\\/2025\\\/09\\\/logo_678.gif\",\"width\":259,\"height\":38,\"caption\":\"Fiarucci\"},\"image\":{\"@id\":\"https:\\\/\\\/b2b.oldvaliens.com\\\/fiarucci\\\/#\\\/schema\\\/logo\\\/image\\\/\"}}]}<\/script>\n<!-- \/ Yoast SEO plugin. -->","yoast_head_json":{"title":"Mentions l\u00e9gales - Fiarucci","robots":{"index":"index","follow":"follow","max-snippet":"max-snippet:-1","max-image-preview":"max-image-preview:large","max-video-preview":"max-video-preview:-1"},"canonical":"https:\/\/b2b.oldvaliens.com\/fiarucci\/legal-notice\/","og_locale":"fr_FR","og_type":"article","og_title":"Mentions l\u00e9gales - Fiarucci","og_description":"Mentions l\u00e9gales Le site Web b2b.oldvaliens.com (ci-apr\u00e8s d\u00e9nomm\u00e9 \u00ab Site Web \u00bb) appartient \u00e0 PACO VALIENTE, S.L.U. (ci-apr\u00e8s d\u00e9nomm\u00e9 \u00ab Paco Valiente \u00bb) avec le code d&rsquo;identification fiscale ESB02050334. Cette Mention l\u00e9gale contient les conditions qui r\u00e9gissent g\u00e9n\u00e9ralement l&rsquo;acc\u00e8s au Site Web pour consulter les produits disponibles dans le catalogue en ligne, s&rsquo;inscrire sur le [&hellip;]","og_url":"https:\/\/b2b.oldvaliens.com\/fiarucci\/legal-notice\/","og_site_name":"Fiarucci","article_modified_time":"2025-11-20T11:05:39+00:00","twitter_card":"summary_large_image","twitter_misc":{"Dur\u00e9e de lecture estim\u00e9e":"11 minutes"},"schema":{"@context":"https:\/\/schema.org","@graph":[{"@type":"WebPage","@id":"https:\/\/b2b.oldvaliens.com\/fiarucci\/legal-notice\/","url":"https:\/\/b2b.oldvaliens.com\/fiarucci\/legal-notice\/","name":"Mentions l\u00e9gales - Fiarucci","isPartOf":{"@id":"https:\/\/b2b.oldvaliens.com\/fiarucci\/#website"},"datePublished":"2025-11-06T23:24:38+00:00","dateModified":"2025-11-20T11:05:39+00:00","breadcrumb":{"@id":"https:\/\/b2b.oldvaliens.com\/fiarucci\/legal-notice\/#breadcrumb"},"inLanguage":"fr-FR","potentialAction":[{"@type":"ReadAction","target":["https:\/\/b2b.oldvaliens.com\/fiarucci\/legal-notice\/"]}]},{"@type":"BreadcrumbList","@id":"https:\/\/b2b.oldvaliens.com\/fiarucci\/legal-notice\/#breadcrumb","itemListElement":[{"@type":"ListItem","position":1,"name":"Home","item":"https:\/\/b2b.oldvaliens.com\/fiarucci\/"},{"@type":"ListItem","position":2,"name":"Mentions l\u00e9gales"}]},{"@type":"WebSite","@id":"https:\/\/b2b.oldvaliens.com\/fiarucci\/#website","url":"https:\/\/b2b.oldvaliens.com\/fiarucci\/","name":"Fiarucci","description":"","publisher":{"@id":"https:\/\/b2b.oldvaliens.com\/fiarucci\/#organization"},"potentialAction":[{"@type":"SearchAction","target":{"@type":"EntryPoint","urlTemplate":"https:\/\/b2b.oldvaliens.com\/fiarucci\/?s={search_term_string}"},"query-input":{"@type":"PropertyValueSpecification","valueRequired":true,"valueName":"search_term_string"}}],"inLanguage":"fr-FR"},{"@type":"Organization","@id":"https:\/\/b2b.oldvaliens.com\/fiarucci\/#organization","name":"Fiarucci","url":"https:\/\/b2b.oldvaliens.com\/fiarucci\/","logo":{"@type":"ImageObject","inLanguage":"fr-FR","@id":"https:\/\/b2b.oldvaliens.com\/fiarucci\/#\/schema\/logo\/image\/","url":"https:\/\/b2b.oldvaliens.com\/fiarucci\/wp-content\/uploads\/sites\/2\/2025\/09\/logo_678.gif","contentUrl":"https:\/\/b2b.oldvaliens.com\/fiarucci\/wp-content\/uploads\/sites\/2\/2025\/09\/logo_678.gif","width":259,"height":38,"caption":"Fiarucci"},"image":{"@id":"https:\/\/b2b.oldvaliens.com\/fiarucci\/#\/schema\/logo\/image\/"}}]}},"_links":{"self":[{"href":"https:\/\/b2b.oldvaliens.com\/fiarucci\/fr\/wp-json\/wp\/v2\/pages\/13411","targetHints":{"allow":["GET"]}}],"collection":[{"href":"https:\/\/b2b.oldvaliens.com\/fiarucci\/fr\/wp-json\/wp\/v2\/pages"}],"about":[{"href":"https:\/\/b2b.oldvaliens.com\/fiarucci\/fr\/wp-json\/wp\/v2\/types\/page"}],"author":[{"embeddable":true,"href":"https:\/\/b2b.oldvaliens.com\/fiarucci\/fr\/wp-json\/wp\/v2\/users\/1"}],"replies":[{"embeddable":true,"href":"https:\/\/b2b.oldvaliens.com\/fiarucci\/fr\/wp-json\/wp\/v2\/comments?post=13411"}],"version-history":[{"count":2,"href":"https:\/\/b2b.oldvaliens.com\/fiarucci\/fr\/wp-json\/wp\/v2\/pages\/13411\/revisions"}],"predecessor-version":[{"id":18601,"href":"https:\/\/b2b.oldvaliens.com\/fiarucci\/fr\/wp-json\/wp\/v2\/pages\/13411\/revisions\/18601"}],"wp:attachment":[{"href":"https:\/\/b2b.oldvaliens.com\/fiarucci\/fr\/wp-json\/wp\/v2\/media?parent=13411"}],"curies":[{"name":"wp","href":"https:\/\/api.w.org\/{rel}","templated":true}]}}