{"id":13409,"date":"2025-11-07T00:25:12","date_gmt":"2025-11-06T23:25:12","guid":{"rendered":"https:\/\/b2b.oldvaliens.com\/politique-de-confidentialite\/"},"modified":"2025-11-20T12:19:23","modified_gmt":"2025-11-20T11:19:23","slug":"politique-de-confidentialite","status":"publish","type":"page","link":"https:\/\/b2b.oldvaliens.com\/fiarucci\/fr\/politique-de-confidentialite\/","title":{"rendered":"Politique de confidentialit\u00e9"},"content":{"rendered":"\t\t<div data-elementor-type=\"wp-page\" data-elementor-id=\"13409\" class=\"elementor elementor-13409 elementor-13342\" data-elementor-post-type=\"page\">\n\t\t\t\t<div class=\"elementor-element elementor-element-2b294f7 e-flex e-con-boxed e-con e-parent\" data-id=\"2b294f7\" data-element_type=\"container\" data-e-type=\"container\">\n\t\t\t\t\t<div class=\"e-con-inner\">\n\t\t\t\t<div class=\"elementor-element elementor-element-b5bbac8 elementor-widget elementor-widget-heading\" data-id=\"b5bbac8\" data-element_type=\"widget\" data-e-type=\"widget\" data-widget_type=\"heading.default\">\n\t\t\t\t\t<h1 class=\"elementor-heading-title elementor-size-default\">Politique de confidentialit\u00e9<\/h1>\t\t\t\t<\/div>\n\t\t\t\t<div class=\"elementor-element elementor-element-87dd583 elementor-widget elementor-widget-text-editor\" data-id=\"87dd583\" data-element_type=\"widget\" data-e-type=\"widget\" data-widget_type=\"text-editor.default\">\n\t\t\t\t\t\t\t\t\t<p>En application des dispositions du R\u00e8glement G\u00e9n\u00e9ral sur la Protection des Donn\u00e9es (RGPD) et de la Loi 34\/2002 du 11 juillet sur les Services de la Soci\u00e9t\u00e9 de l&rsquo;Information et du Commerce \u00c9lectronique (LSSI), nous souhaitons vous informer que notre entreprise maintient un strict respect de la l\u00e9gislation en vigueur concernant le traitement des donn\u00e9es personnelles et la s\u00e9curit\u00e9 de l&rsquo;information afin de garantir \u00e0 ses Utilisateurs que la collecte et le traitement de leurs donn\u00e9es personnelles sont effectu\u00e9s avec les garanties de s\u00e9curit\u00e9 appropri\u00e9es. Avant de nous contacter et de nous fournir vos donn\u00e9es, veuillez lire attentivement la politique de confidentialit\u00e9 suivante. <\/p><h3>1. Responsable du Traitement des Donn\u00e9es<\/h3><p>PACO VALIENTE, S.L.U. (ci-apr\u00e8s \u00ab Paco Valiente \u00bb), avec le num\u00e9ro d&rsquo;identification fiscale ESB02050334, est responsable de ce site Web.<\/p><p>Vous pouvez contacter Paco Valiente en envoyant un e-mail \u00e0 <span style=\"text-decoration: underline;\"><a href=\"mailto:fiarucci@oldvaliens.com\">fiarucci@oldvaliens.com<\/a><\/span>.<\/p><h3>2. Finalit\u00e9 du Traitement<strong><br><\/strong><\/h3><p>Chez Paco Valiente, nous traitons les donn\u00e9es personnelles de nos clients et Utilisateurs aux fins suivantes :<\/p><p>Gestion et maintien de la relation contractuelle dans le but de fournir les services contract\u00e9s. Envoi de communications p\u00e9riodiques sur les services que nous fournissons, ainsi que des nouvelles li\u00e9es \u00e0 notre activit\u00e9, le tout sous r\u00e9serve de demander votre consentement expr\u00e8s pr\u00e9alable. Afin de se conformer aux obligations \u00e9tablies par la loi.  <\/p><p>Paco Valiente conservera vos donn\u00e9es pendant le temps n\u00e9cessaire \u00e0 leur utilisation aux fins pour lesquelles elles ont \u00e9t\u00e9 collect\u00e9es et jusqu&rsquo;\u00e0 ce que les obligations l\u00e9gales de conservation soient remplies.<\/p><p>Dans le cas des communications commerciales, vous pouvez \u00e0 tout moment demander l&rsquo;annulation de vos donn\u00e9es en exer\u00e7ant vos droits. Pour en savoir plus sur l&rsquo;exercice de vos droits, consultez notre section \u00ab Droits \u00bb. <\/p><h3>3. L\u00e9gitimit\u00e9<strong><br><\/strong><\/h3><p>Le fondement juridique permettant \u00e0 Paco Valiente de traiter vos donn\u00e9es repose sur l&rsquo;obtention de votre consentement, qui est demand\u00e9 pour chaque cas particulier.<\/p><p>En cas de relation contractuelle, vos donn\u00e9es seront trait\u00e9es sur la base de la bonne ex\u00e9cution du contrat. Vous pouvez \u00e0 tout moment demander la r\u00e9f\u00e9rence au contrat sur la base duquel nous traitons vos donn\u00e9es. <\/p><p>Occasionnellement, vos donn\u00e9es peuvent \u00eatre trait\u00e9es sur la base du respect d&rsquo;obligations l\u00e9gales sp\u00e9cifiques ; dans ce cas, vous pouvez demander des informations sur les r\u00e8gles sp\u00e9cifiques selon lesquelles nous traitons vos donn\u00e9es.<\/p><h3>4. Destinataires<strong><br><\/strong><\/h3><p>Vos donn\u00e9es peuvent \u00eatre communiqu\u00e9es \u00e0 d&rsquo;autres soci\u00e9t\u00e9s du groupe d&rsquo;entreprises Paco Valiente \u00e0 des fins administratives internes. Elles ne seront en aucun cas transf\u00e9r\u00e9es \u00e0 des tiers. <\/p><h3>5. Droits<strong><br><\/strong><\/h3><p>Vous pouvez contacter Paco Valiente en \u00e9crivant \u00e0 C\/ Escultor Jos\u00e9 Luis S\u00e1nchez, 3-7, 02640, Almansa (Albacete, Espagne) ; ou par e-mail \u00e0 <span style=\"text-decoration: underline;\"><a href=\"mailto:fiarucci@oldvaliens.com\">fiarucci@oldvaliens.com<\/a><\/span> pour demander l&rsquo;exercice des droits suivants :<\/p><p>Obtenir des informations sur le fait que Paco Valiente traite ou non des donn\u00e9es personnelles vous concernant.<\/p><p>Acc\u00e9der \u00e0 vos donn\u00e9es personnelles, ainsi que le droit de demander la rectification des donn\u00e9es inexactes ou, le cas \u00e9ch\u00e9ant, de demander leur effacement lorsque, entre autres raisons, les donn\u00e9es ne sont plus n\u00e9cessaires aux fins pour lesquelles elles ont \u00e9t\u00e9 collect\u00e9es.<\/p><p>Demander la portabilit\u00e9 de vos donn\u00e9es :<\/p><p>Dans certaines circonstances, vous pouvez demander une limitation du traitement de vos donn\u00e9es, auquel cas nous ne les conserverons que dans le but d&rsquo;exercer ou de d\u00e9fendre des r\u00e9clamations.<\/p><p>Dans certaines circonstances et pour des raisons li\u00e9es \u00e0 votre situation particuli\u00e8re, vous pouvez vous opposer au traitement de vos donn\u00e9es. Dans ce cas, Paco Valiente cessera de traiter les donn\u00e9es, sauf pour des motifs l\u00e9gitimes imp\u00e9rieux, ou l&rsquo;exercice ou la d\u00e9fense d&rsquo;\u00e9ventuelles r\u00e9clamations. <\/p><p>Faire appel \u00e0 l&rsquo;Agence Espagnole de Protection des Donn\u00e9es si vous estimez que Paco Valiente a viol\u00e9 vos droits.<\/p><p>Paco Valiente s&rsquo;engage \u00e0 respecter la conformit\u00e9 et, en particulier, la confidentialit\u00e9 de vos donn\u00e9es.<\/p><p>Si vous souhaitez en savoir plus sur notre politique de confidentialit\u00e9 ou si vous avez des questions sur la fa\u00e7on dont nous traitons vos donn\u00e9es, vous pouvez nous contacter par e-mail \u00e0 <span style=\"text-decoration: underline;\"><a href=\"mailto:fiarucci@oldvaliens.com\">fiarucci@oldvaliens.com<\/a><\/span>.<\/p>\t\t\t\t\t\t\t\t<\/div>\n\t\t\t\t\t<\/div>\n\t\t\t\t<\/div>\n\t\t\t\t<\/div>\n\t\t","protected":false},"excerpt":{"rendered":"<p>Politique de confidentialit\u00e9 En application des dispositions du R\u00e8glement G\u00e9n\u00e9ral sur la Protection des Donn\u00e9es (RGPD) et de la Loi 34\/2002 du 11 juillet sur les Services de la Soci\u00e9t\u00e9 de l&rsquo;Information et du Commerce \u00c9lectronique (LSSI), nous souhaitons vous informer que notre entreprise maintient un strict respect de la l\u00e9gislation en vigueur concernant le [&hellip;]<\/p>\n","protected":false},"author":1,"featured_media":0,"parent":0,"menu_order":0,"comment_status":"closed","ping_status":"closed","template":"","meta":{"footnotes":""},"class_list":["post-13409","page","type-page","status-publish","hentry"],"yoast_head":"<!-- This site is optimized with the Yoast SEO plugin v27.4 - https:\/\/yoast.com\/product\/yoast-seo-wordpress\/ -->\n<title>Politique de confidentialit\u00e9 - Fiarucci<\/title>\n<meta name=\"robots\" content=\"index, follow, max-snippet:-1, max-image-preview:large, max-video-preview:-1\" \/>\n<link rel=\"canonical\" href=\"https:\/\/b2b.oldvaliens.com\/fiarucci\/privacy-policy\/\" \/>\n<meta property=\"og:locale\" content=\"fr_FR\" \/>\n<meta property=\"og:type\" content=\"article\" \/>\n<meta property=\"og:title\" content=\"Politique de confidentialit\u00e9 - Fiarucci\" \/>\n<meta property=\"og:description\" content=\"Politique de confidentialit\u00e9 En application des dispositions du R\u00e8glement G\u00e9n\u00e9ral sur la Protection des Donn\u00e9es (RGPD) et de la Loi 34\/2002 du 11 juillet sur les Services de la Soci\u00e9t\u00e9 de l&rsquo;Information et du Commerce \u00c9lectronique (LSSI), nous souhaitons vous informer que notre entreprise maintient un strict respect de la l\u00e9gislation en vigueur concernant le [&hellip;]\" \/>\n<meta property=\"og:url\" content=\"https:\/\/b2b.oldvaliens.com\/fiarucci\/privacy-policy\/\" \/>\n<meta property=\"og:site_name\" content=\"Fiarucci\" \/>\n<meta property=\"article:modified_time\" content=\"2025-11-20T11:19:23+00:00\" \/>\n<meta name=\"twitter:card\" content=\"summary_large_image\" \/>\n<meta name=\"twitter:label1\" content=\"Dur\u00e9e de lecture estim\u00e9e\" \/>\n\t<meta name=\"twitter:data1\" content=\"3 minutes\" \/>\n<script type=\"application\/ld+json\" class=\"yoast-schema-graph\">{\"@context\":\"https:\\\/\\\/schema.org\",\"@graph\":[{\"@type\":\"WebPage\",\"@id\":\"https:\\\/\\\/b2b.oldvaliens.com\\\/fiarucci\\\/privacy-policy\\\/\",\"url\":\"https:\\\/\\\/b2b.oldvaliens.com\\\/fiarucci\\\/privacy-policy\\\/\",\"name\":\"Politique de confidentialit\u00e9 - Fiarucci\",\"isPartOf\":{\"@id\":\"https:\\\/\\\/b2b.oldvaliens.com\\\/fiarucci\\\/#website\"},\"datePublished\":\"2025-11-06T23:25:12+00:00\",\"dateModified\":\"2025-11-20T11:19:23+00:00\",\"breadcrumb\":{\"@id\":\"https:\\\/\\\/b2b.oldvaliens.com\\\/fiarucci\\\/privacy-policy\\\/#breadcrumb\"},\"inLanguage\":\"fr-FR\",\"potentialAction\":[{\"@type\":\"ReadAction\",\"target\":[\"https:\\\/\\\/b2b.oldvaliens.com\\\/fiarucci\\\/privacy-policy\\\/\"]}]},{\"@type\":\"BreadcrumbList\",\"@id\":\"https:\\\/\\\/b2b.oldvaliens.com\\\/fiarucci\\\/privacy-policy\\\/#breadcrumb\",\"itemListElement\":[{\"@type\":\"ListItem\",\"position\":1,\"name\":\"Home\",\"item\":\"https:\\\/\\\/b2b.oldvaliens.com\\\/fiarucci\\\/\"},{\"@type\":\"ListItem\",\"position\":2,\"name\":\"Politique de confidentialit\u00e9\"}]},{\"@type\":\"WebSite\",\"@id\":\"https:\\\/\\\/b2b.oldvaliens.com\\\/fiarucci\\\/#website\",\"url\":\"https:\\\/\\\/b2b.oldvaliens.com\\\/fiarucci\\\/\",\"name\":\"Fiarucci\",\"description\":\"\",\"publisher\":{\"@id\":\"https:\\\/\\\/b2b.oldvaliens.com\\\/fiarucci\\\/#organization\"},\"potentialAction\":[{\"@type\":\"SearchAction\",\"target\":{\"@type\":\"EntryPoint\",\"urlTemplate\":\"https:\\\/\\\/b2b.oldvaliens.com\\\/fiarucci\\\/?s={search_term_string}\"},\"query-input\":{\"@type\":\"PropertyValueSpecification\",\"valueRequired\":true,\"valueName\":\"search_term_string\"}}],\"inLanguage\":\"fr-FR\"},{\"@type\":\"Organization\",\"@id\":\"https:\\\/\\\/b2b.oldvaliens.com\\\/fiarucci\\\/#organization\",\"name\":\"Fiarucci\",\"url\":\"https:\\\/\\\/b2b.oldvaliens.com\\\/fiarucci\\\/\",\"logo\":{\"@type\":\"ImageObject\",\"inLanguage\":\"fr-FR\",\"@id\":\"https:\\\/\\\/b2b.oldvaliens.com\\\/fiarucci\\\/#\\\/schema\\\/logo\\\/image\\\/\",\"url\":\"https:\\\/\\\/b2b.oldvaliens.com\\\/fiarucci\\\/wp-content\\\/uploads\\\/sites\\\/2\\\/2025\\\/09\\\/logo_678.gif\",\"contentUrl\":\"https:\\\/\\\/b2b.oldvaliens.com\\\/fiarucci\\\/wp-content\\\/uploads\\\/sites\\\/2\\\/2025\\\/09\\\/logo_678.gif\",\"width\":259,\"height\":38,\"caption\":\"Fiarucci\"},\"image\":{\"@id\":\"https:\\\/\\\/b2b.oldvaliens.com\\\/fiarucci\\\/#\\\/schema\\\/logo\\\/image\\\/\"}}]}<\/script>\n<!-- \/ Yoast SEO plugin. -->","yoast_head_json":{"title":"Politique de confidentialit\u00e9 - Fiarucci","robots":{"index":"index","follow":"follow","max-snippet":"max-snippet:-1","max-image-preview":"max-image-preview:large","max-video-preview":"max-video-preview:-1"},"canonical":"https:\/\/b2b.oldvaliens.com\/fiarucci\/privacy-policy\/","og_locale":"fr_FR","og_type":"article","og_title":"Politique de confidentialit\u00e9 - Fiarucci","og_description":"Politique de confidentialit\u00e9 En application des dispositions du R\u00e8glement G\u00e9n\u00e9ral sur la Protection des Donn\u00e9es (RGPD) et de la Loi 34\/2002 du 11 juillet sur les Services de la Soci\u00e9t\u00e9 de l&rsquo;Information et du Commerce \u00c9lectronique (LSSI), nous souhaitons vous informer que notre entreprise maintient un strict respect de la l\u00e9gislation en vigueur concernant le [&hellip;]","og_url":"https:\/\/b2b.oldvaliens.com\/fiarucci\/privacy-policy\/","og_site_name":"Fiarucci","article_modified_time":"2025-11-20T11:19:23+00:00","twitter_card":"summary_large_image","twitter_misc":{"Dur\u00e9e de lecture estim\u00e9e":"3 minutes"},"schema":{"@context":"https:\/\/schema.org","@graph":[{"@type":"WebPage","@id":"https:\/\/b2b.oldvaliens.com\/fiarucci\/privacy-policy\/","url":"https:\/\/b2b.oldvaliens.com\/fiarucci\/privacy-policy\/","name":"Politique de confidentialit\u00e9 - Fiarucci","isPartOf":{"@id":"https:\/\/b2b.oldvaliens.com\/fiarucci\/#website"},"datePublished":"2025-11-06T23:25:12+00:00","dateModified":"2025-11-20T11:19:23+00:00","breadcrumb":{"@id":"https:\/\/b2b.oldvaliens.com\/fiarucci\/privacy-policy\/#breadcrumb"},"inLanguage":"fr-FR","potentialAction":[{"@type":"ReadAction","target":["https:\/\/b2b.oldvaliens.com\/fiarucci\/privacy-policy\/"]}]},{"@type":"BreadcrumbList","@id":"https:\/\/b2b.oldvaliens.com\/fiarucci\/privacy-policy\/#breadcrumb","itemListElement":[{"@type":"ListItem","position":1,"name":"Home","item":"https:\/\/b2b.oldvaliens.com\/fiarucci\/"},{"@type":"ListItem","position":2,"name":"Politique de confidentialit\u00e9"}]},{"@type":"WebSite","@id":"https:\/\/b2b.oldvaliens.com\/fiarucci\/#website","url":"https:\/\/b2b.oldvaliens.com\/fiarucci\/","name":"Fiarucci","description":"","publisher":{"@id":"https:\/\/b2b.oldvaliens.com\/fiarucci\/#organization"},"potentialAction":[{"@type":"SearchAction","target":{"@type":"EntryPoint","urlTemplate":"https:\/\/b2b.oldvaliens.com\/fiarucci\/?s={search_term_string}"},"query-input":{"@type":"PropertyValueSpecification","valueRequired":true,"valueName":"search_term_string"}}],"inLanguage":"fr-FR"},{"@type":"Organization","@id":"https:\/\/b2b.oldvaliens.com\/fiarucci\/#organization","name":"Fiarucci","url":"https:\/\/b2b.oldvaliens.com\/fiarucci\/","logo":{"@type":"ImageObject","inLanguage":"fr-FR","@id":"https:\/\/b2b.oldvaliens.com\/fiarucci\/#\/schema\/logo\/image\/","url":"https:\/\/b2b.oldvaliens.com\/fiarucci\/wp-content\/uploads\/sites\/2\/2025\/09\/logo_678.gif","contentUrl":"https:\/\/b2b.oldvaliens.com\/fiarucci\/wp-content\/uploads\/sites\/2\/2025\/09\/logo_678.gif","width":259,"height":38,"caption":"Fiarucci"},"image":{"@id":"https:\/\/b2b.oldvaliens.com\/fiarucci\/#\/schema\/logo\/image\/"}}]}},"_links":{"self":[{"href":"https:\/\/b2b.oldvaliens.com\/fiarucci\/fr\/wp-json\/wp\/v2\/pages\/13409","targetHints":{"allow":["GET"]}}],"collection":[{"href":"https:\/\/b2b.oldvaliens.com\/fiarucci\/fr\/wp-json\/wp\/v2\/pages"}],"about":[{"href":"https:\/\/b2b.oldvaliens.com\/fiarucci\/fr\/wp-json\/wp\/v2\/types\/page"}],"author":[{"embeddable":true,"href":"https:\/\/b2b.oldvaliens.com\/fiarucci\/fr\/wp-json\/wp\/v2\/users\/1"}],"replies":[{"embeddable":true,"href":"https:\/\/b2b.oldvaliens.com\/fiarucci\/fr\/wp-json\/wp\/v2\/comments?post=13409"}],"version-history":[{"count":2,"href":"https:\/\/b2b.oldvaliens.com\/fiarucci\/fr\/wp-json\/wp\/v2\/pages\/13409\/revisions"}],"predecessor-version":[{"id":18611,"href":"https:\/\/b2b.oldvaliens.com\/fiarucci\/fr\/wp-json\/wp\/v2\/pages\/13409\/revisions\/18611"}],"wp:attachment":[{"href":"https:\/\/b2b.oldvaliens.com\/fiarucci\/fr\/wp-json\/wp\/v2\/media?parent=13409"}],"curies":[{"name":"wp","href":"https:\/\/api.w.org\/{rel}","templated":true}]}}