{"id":19545,"date":"2025-12-26T13:56:45","date_gmt":"2025-12-26T12:56:45","guid":{"rendered":"https:\/\/b2b.oldvaliens.com\/blog\/"},"modified":"2025-12-26T14:07:47","modified_gmt":"2025-12-26T13:07:47","slug":"blog","status":"publish","type":"page","link":"https:\/\/b2b.oldvaliens.com\/fiarucci\/de\/blog\/","title":{"rendered":"Blog"},"content":{"rendered":"\t\t<div data-elementor-type=\"wp-page\" data-elementor-id=\"19545\" class=\"elementor elementor-19545 elementor-19524\" data-elementor-post-type=\"page\">\n\t\t\t\t<div class=\"elementor-element elementor-element-2f88f34e e-flex e-con-boxed e-con e-parent\" data-id=\"2f88f34e\" data-element_type=\"container\" data-e-type=\"container\" data-settings=\"{&quot;background_background&quot;:&quot;classic&quot;}\">\n\t\t\t\t\t<div class=\"e-con-inner\">\n\t\t\t\t<div class=\"elementor-element elementor-element-3ecef61e elementor-widget elementor-widget-heading\" data-id=\"3ecef61e\" data-element_type=\"widget\" data-e-type=\"widget\" data-widget_type=\"heading.default\">\n\t\t\t\t\t<h1 class=\"elementor-heading-title elementor-size-default\">Blog<\/h1>\t\t\t\t<\/div>\n\t\t\t\t\t<\/div>\n\t\t\t\t<\/div>\n\t\t<div class=\"elementor-element elementor-element-81ff76f e-flex e-con-boxed e-con e-parent\" data-id=\"81ff76f\" data-element_type=\"container\" data-e-type=\"container\">\n\t\t\t\t\t<div class=\"e-con-inner\">\n\t\t\t\t<div class=\"elementor-element elementor-element-77db36d elementor-grid-2 elementor-grid-tablet-2 elementor-grid-mobile-1 elementor-posts--thumbnail-top elementor-widget elementor-widget-posts\" data-id=\"77db36d\" data-element_type=\"widget\" data-e-type=\"widget\" data-settings=\"{&quot;classic_columns&quot;:&quot;2&quot;,&quot;classic_columns_tablet&quot;:&quot;2&quot;,&quot;classic_columns_mobile&quot;:&quot;1&quot;,&quot;classic_row_gap&quot;:{&quot;unit&quot;:&quot;px&quot;,&quot;size&quot;:35,&quot;sizes&quot;:[]},&quot;classic_row_gap_laptop&quot;:{&quot;unit&quot;:&quot;px&quot;,&quot;size&quot;:&quot;&quot;,&quot;sizes&quot;:[]},&quot;classic_row_gap_tablet&quot;:{&quot;unit&quot;:&quot;px&quot;,&quot;size&quot;:&quot;&quot;,&quot;sizes&quot;:[]},&quot;classic_row_gap_mobile&quot;:{&quot;unit&quot;:&quot;px&quot;,&quot;size&quot;:&quot;&quot;,&quot;sizes&quot;:[]}}\" data-widget_type=\"posts.classic\">\n\t\t\t\t<div class=\"elementor-widget-container\">\n\t\t\t\t\t\t\t<div class=\"elementor-posts-container elementor-posts elementor-posts--skin-classic elementor-grid\" role=\"list\">\n\t\t\t\t<article class=\"elementor-post elementor-grid-item post-19473 post type-post status-publish format-standard has-post-thumbnail hentry category-nicht-kategorisiert\" role=\"listitem\">\n\t\t\t\t<a class=\"elementor-post__thumbnail__link\" href=\"https:\/\/b2b.oldvaliens.com\/fiarucci\/de\/herren-hochzeitsschuhe-der-definitive-stil-und-komfort-leitfaden-fuer-ihren-grossen-tag\/\" tabindex=\"-1\" >\n\t\t\t<div class=\"elementor-post__thumbnail\"><img fetchpriority=\"high\" decoding=\"async\" width=\"1600\" height=\"2000\" src=\"https:\/\/b2b.oldvaliens.com\/fiarucci\/wp-content\/uploads\/sites\/2\/2025\/11\/Oscar_Castano_Calf_Leather_7.jpg\" class=\"attachment-full size-full wp-image-13913\" alt=\"\" srcset=\"https:\/\/b2b.oldvaliens.com\/fiarucci\/wp-content\/uploads\/sites\/2\/2025\/11\/Oscar_Castano_Calf_Leather_7.jpg 1600w, https:\/\/b2b.oldvaliens.com\/fiarucci\/wp-content\/uploads\/sites\/2\/2025\/11\/Oscar_Castano_Calf_Leather_7-240x300.jpg 240w, https:\/\/b2b.oldvaliens.com\/fiarucci\/wp-content\/uploads\/sites\/2\/2025\/11\/Oscar_Castano_Calf_Leather_7-819x1024.jpg 819w, https:\/\/b2b.oldvaliens.com\/fiarucci\/wp-content\/uploads\/sites\/2\/2025\/11\/Oscar_Castano_Calf_Leather_7-768x960.jpg 768w, https:\/\/b2b.oldvaliens.com\/fiarucci\/wp-content\/uploads\/sites\/2\/2025\/11\/Oscar_Castano_Calf_Leather_7-1229x1536.jpg 1229w, https:\/\/b2b.oldvaliens.com\/fiarucci\/wp-content\/uploads\/sites\/2\/2025\/11\/Oscar_Castano_Calf_Leather_7-600x750.jpg 600w\" sizes=\"(max-width: 1600px) 100vw, 1600px\" \/><\/div>\n\t\t<\/a>\n\t\t\t\t<div class=\"elementor-post__text\">\n\t\t\t\t<h3 class=\"elementor-post__title\">\n\t\t\t<a href=\"https:\/\/b2b.oldvaliens.com\/fiarucci\/de\/herren-hochzeitsschuhe-der-definitive-stil-und-komfort-leitfaden-fuer-ihren-grossen-tag\/\" >\n\t\t\t\tHerren-Hochzeitsschuhe: Der definitive Stil- und Komfort-Leitfaden f\u00fcr Ihren gro\u00dfen Tag\t\t\t<\/a>\n\t\t<\/h3>\n\t\t\t\t<div class=\"elementor-post__excerpt\">\n\t\t\t<p>Wenn der Anzug geb\u00fcgelt und die Knopflochblume angesteckt ist, gibt es eine Entscheidung, die Ihren Look im Stillen macht (oder bricht): Herren-Hochzeitsschuhe. Das richtige Paar<\/p>\n\t\t<\/div>\n\t\t\n\t\t<a class=\"elementor-post__read-more\" href=\"https:\/\/b2b.oldvaliens.com\/fiarucci\/de\/herren-hochzeitsschuhe-der-definitive-stil-und-komfort-leitfaden-fuer-ihren-grossen-tag\/\" aria-label=\"Mehr \u00fcber Herren-Hochzeitsschuhe: Der definitive Stil- und Komfort-Leitfaden f\u00fcr Ihren gro\u00dfen Tag\" tabindex=\"-1\" >\n\t\t\tMehr erfahren \u00bb\t\t<\/a>\n\n\t\t\t\t<\/div>\n\t\t\t\t<\/article>\n\t\t\t\t<article class=\"elementor-post elementor-grid-item post-19459 post type-post status-publish format-standard has-post-thumbnail hentry category-nicht-kategorisiert\" role=\"listitem\">\n\t\t\t\t<a class=\"elementor-post__thumbnail__link\" href=\"https:\/\/b2b.oldvaliens.com\/fiarucci\/de\/bequeme-braut-sneakers-der-ultimative-leitfaden-fuer-ein-schickes-aussehen-und-ein-tolles-gefuehl\/\" tabindex=\"-1\" >\n\t\t\t<div class=\"elementor-post__thumbnail\"><img decoding=\"async\" width=\"1200\" height=\"1200\" src=\"https:\/\/b2b.oldvaliens.com\/fiarucci\/wp-content\/uploads\/sites\/2\/2025\/11\/ysabel_perle_sequins_mesh_7-1.png\" class=\"attachment-full size-full wp-image-19460\" alt=\"\" srcset=\"https:\/\/b2b.oldvaliens.com\/fiarucci\/wp-content\/uploads\/sites\/2\/2025\/11\/ysabel_perle_sequins_mesh_7-1.png 1200w, https:\/\/b2b.oldvaliens.com\/fiarucci\/wp-content\/uploads\/sites\/2\/2025\/11\/ysabel_perle_sequins_mesh_7-1-300x300.png 300w, https:\/\/b2b.oldvaliens.com\/fiarucci\/wp-content\/uploads\/sites\/2\/2025\/11\/ysabel_perle_sequins_mesh_7-1-1024x1024.png 1024w, https:\/\/b2b.oldvaliens.com\/fiarucci\/wp-content\/uploads\/sites\/2\/2025\/11\/ysabel_perle_sequins_mesh_7-1-150x150.png 150w, https:\/\/b2b.oldvaliens.com\/fiarucci\/wp-content\/uploads\/sites\/2\/2025\/11\/ysabel_perle_sequins_mesh_7-1-768x768.png 768w, https:\/\/b2b.oldvaliens.com\/fiarucci\/wp-content\/uploads\/sites\/2\/2025\/11\/ysabel_perle_sequins_mesh_7-1-600x600.png 600w, https:\/\/b2b.oldvaliens.com\/fiarucci\/wp-content\/uploads\/sites\/2\/2025\/11\/ysabel_perle_sequins_mesh_7-1-100x100.png 100w\" sizes=\"(max-width: 1200px) 100vw, 1200px\" \/><\/div>\n\t\t<\/a>\n\t\t\t\t<div class=\"elementor-post__text\">\n\t\t\t\t<h3 class=\"elementor-post__title\">\n\t\t\t<a href=\"https:\/\/b2b.oldvaliens.com\/fiarucci\/de\/bequeme-braut-sneakers-der-ultimative-leitfaden-fuer-ein-schickes-aussehen-und-ein-tolles-gefuehl\/\" >\n\t\t\t\tBequeme Braut-Sneakers: Der ultimative Leitfaden f\u00fcr ein schickes Aussehen und ein tolles Gef\u00fchl\t\t\t<\/a>\n\t\t<\/h3>\n\t\t\t\t<div class=\"elementor-post__excerpt\">\n\t\t\t<p>Br\u00e4ute von heute wollen alles: den m\u00e4rchenhaften Look und die Freiheit, bis zum Morgengrauen zu tanzen. Hier kommen bequeme Braut-Sneakers ins Spiel \u2013 eine clevere,<\/p>\n\t\t<\/div>\n\t\t\n\t\t<a class=\"elementor-post__read-more\" href=\"https:\/\/b2b.oldvaliens.com\/fiarucci\/de\/bequeme-braut-sneakers-der-ultimative-leitfaden-fuer-ein-schickes-aussehen-und-ein-tolles-gefuehl\/\" aria-label=\"Mehr \u00fcber Bequeme Braut-Sneakers: Der ultimative Leitfaden f\u00fcr ein schickes Aussehen und ein tolles Gef\u00fchl\" tabindex=\"-1\" >\n\t\t\tMehr erfahren \u00bb\t\t<\/a>\n\n\t\t\t\t<\/div>\n\t\t\t\t<\/article>\n\t\t\t\t<\/div>\n\t\t\n\t\t\t\t\t\t<\/div>\n\t\t\t\t<\/div>\n\t\t\t\t\t<\/div>\n\t\t\t\t<\/div>\n\t\t\t\t<\/div>\n\t\t","protected":false},"excerpt":{"rendered":"<p>Blog<\/p>\n","protected":false},"author":1,"featured_media":0,"parent":0,"menu_order":0,"comment_status":"closed","ping_status":"closed","template":"","meta":{"footnotes":""},"class_list":["post-19545","page","type-page","status-publish","hentry"],"yoast_head":"<!-- This site is optimized with the Yoast SEO plugin v27.4 - https:\/\/yoast.com\/product\/yoast-seo-wordpress\/ -->\n<title>Blog - Fiarucci<\/title>\n<meta name=\"robots\" content=\"index, follow, max-snippet:-1, max-image-preview:large, max-video-preview:-1\" \/>\n<link rel=\"canonical\" href=\"https:\/\/b2b.oldvaliens.com\/fiarucci\/blog\/\" \/>\n<meta property=\"og:locale\" content=\"de_DE\" \/>\n<meta property=\"og:type\" content=\"article\" \/>\n<meta property=\"og:title\" content=\"Blog - Fiarucci\" \/>\n<meta property=\"og:description\" content=\"Blog\" \/>\n<meta property=\"og:url\" content=\"https:\/\/b2b.oldvaliens.com\/fiarucci\/blog\/\" \/>\n<meta property=\"og:site_name\" content=\"Fiarucci\" \/>\n<meta property=\"article:modified_time\" content=\"2025-12-26T13:07:47+00:00\" \/>\n<meta name=\"twitter:card\" content=\"summary_large_image\" \/>\n<script type=\"application\/ld+json\" class=\"yoast-schema-graph\">{\"@context\":\"https:\\\/\\\/schema.org\",\"@graph\":[{\"@type\":\"WebPage\",\"@id\":\"https:\\\/\\\/b2b.oldvaliens.com\\\/fiarucci\\\/blog\\\/\",\"url\":\"https:\\\/\\\/b2b.oldvaliens.com\\\/fiarucci\\\/blog\\\/\",\"name\":\"Blog - Fiarucci\",\"isPartOf\":{\"@id\":\"https:\\\/\\\/b2b.oldvaliens.com\\\/fiarucci\\\/#website\"},\"datePublished\":\"2025-12-26T12:56:45+00:00\",\"dateModified\":\"2025-12-26T13:07:47+00:00\",\"breadcrumb\":{\"@id\":\"https:\\\/\\\/b2b.oldvaliens.com\\\/fiarucci\\\/blog\\\/#breadcrumb\"},\"inLanguage\":\"de\",\"potentialAction\":[{\"@type\":\"ReadAction\",\"target\":[\"https:\\\/\\\/b2b.oldvaliens.com\\\/fiarucci\\\/blog\\\/\"]}]},{\"@type\":\"BreadcrumbList\",\"@id\":\"https:\\\/\\\/b2b.oldvaliens.com\\\/fiarucci\\\/blog\\\/#breadcrumb\",\"itemListElement\":[{\"@type\":\"ListItem\",\"position\":1,\"name\":\"Home\",\"item\":\"https:\\\/\\\/b2b.oldvaliens.com\\\/fiarucci\\\/\"},{\"@type\":\"ListItem\",\"position\":2,\"name\":\"Blog\"}]},{\"@type\":\"WebSite\",\"@id\":\"https:\\\/\\\/b2b.oldvaliens.com\\\/fiarucci\\\/#website\",\"url\":\"https:\\\/\\\/b2b.oldvaliens.com\\\/fiarucci\\\/\",\"name\":\"Fiarucci\",\"description\":\"\",\"publisher\":{\"@id\":\"https:\\\/\\\/b2b.oldvaliens.com\\\/fiarucci\\\/#organization\"},\"potentialAction\":[{\"@type\":\"SearchAction\",\"target\":{\"@type\":\"EntryPoint\",\"urlTemplate\":\"https:\\\/\\\/b2b.oldvaliens.com\\\/fiarucci\\\/?s={search_term_string}\"},\"query-input\":{\"@type\":\"PropertyValueSpecification\",\"valueRequired\":true,\"valueName\":\"search_term_string\"}}],\"inLanguage\":\"de\"},{\"@type\":\"Organization\",\"@id\":\"https:\\\/\\\/b2b.oldvaliens.com\\\/fiarucci\\\/#organization\",\"name\":\"Fiarucci\",\"url\":\"https:\\\/\\\/b2b.oldvaliens.com\\\/fiarucci\\\/\",\"logo\":{\"@type\":\"ImageObject\",\"inLanguage\":\"de\",\"@id\":\"https:\\\/\\\/b2b.oldvaliens.com\\\/fiarucci\\\/#\\\/schema\\\/logo\\\/image\\\/\",\"url\":\"https:\\\/\\\/b2b.oldvaliens.com\\\/fiarucci\\\/wp-content\\\/uploads\\\/sites\\\/2\\\/2025\\\/09\\\/logo_678.gif\",\"contentUrl\":\"https:\\\/\\\/b2b.oldvaliens.com\\\/fiarucci\\\/wp-content\\\/uploads\\\/sites\\\/2\\\/2025\\\/09\\\/logo_678.gif\",\"width\":259,\"height\":38,\"caption\":\"Fiarucci\"},\"image\":{\"@id\":\"https:\\\/\\\/b2b.oldvaliens.com\\\/fiarucci\\\/#\\\/schema\\\/logo\\\/image\\\/\"}}]}<\/script>\n<!-- \/ Yoast SEO plugin. -->","yoast_head_json":{"title":"Blog - Fiarucci","robots":{"index":"index","follow":"follow","max-snippet":"max-snippet:-1","max-image-preview":"max-image-preview:large","max-video-preview":"max-video-preview:-1"},"canonical":"https:\/\/b2b.oldvaliens.com\/fiarucci\/blog\/","og_locale":"de_DE","og_type":"article","og_title":"Blog - Fiarucci","og_description":"Blog","og_url":"https:\/\/b2b.oldvaliens.com\/fiarucci\/blog\/","og_site_name":"Fiarucci","article_modified_time":"2025-12-26T13:07:47+00:00","twitter_card":"summary_large_image","schema":{"@context":"https:\/\/schema.org","@graph":[{"@type":"WebPage","@id":"https:\/\/b2b.oldvaliens.com\/fiarucci\/blog\/","url":"https:\/\/b2b.oldvaliens.com\/fiarucci\/blog\/","name":"Blog - Fiarucci","isPartOf":{"@id":"https:\/\/b2b.oldvaliens.com\/fiarucci\/#website"},"datePublished":"2025-12-26T12:56:45+00:00","dateModified":"2025-12-26T13:07:47+00:00","breadcrumb":{"@id":"https:\/\/b2b.oldvaliens.com\/fiarucci\/blog\/#breadcrumb"},"inLanguage":"de","potentialAction":[{"@type":"ReadAction","target":["https:\/\/b2b.oldvaliens.com\/fiarucci\/blog\/"]}]},{"@type":"BreadcrumbList","@id":"https:\/\/b2b.oldvaliens.com\/fiarucci\/blog\/#breadcrumb","itemListElement":[{"@type":"ListItem","position":1,"name":"Home","item":"https:\/\/b2b.oldvaliens.com\/fiarucci\/"},{"@type":"ListItem","position":2,"name":"Blog"}]},{"@type":"WebSite","@id":"https:\/\/b2b.oldvaliens.com\/fiarucci\/#website","url":"https:\/\/b2b.oldvaliens.com\/fiarucci\/","name":"Fiarucci","description":"","publisher":{"@id":"https:\/\/b2b.oldvaliens.com\/fiarucci\/#organization"},"potentialAction":[{"@type":"SearchAction","target":{"@type":"EntryPoint","urlTemplate":"https:\/\/b2b.oldvaliens.com\/fiarucci\/?s={search_term_string}"},"query-input":{"@type":"PropertyValueSpecification","valueRequired":true,"valueName":"search_term_string"}}],"inLanguage":"de"},{"@type":"Organization","@id":"https:\/\/b2b.oldvaliens.com\/fiarucci\/#organization","name":"Fiarucci","url":"https:\/\/b2b.oldvaliens.com\/fiarucci\/","logo":{"@type":"ImageObject","inLanguage":"de","@id":"https:\/\/b2b.oldvaliens.com\/fiarucci\/#\/schema\/logo\/image\/","url":"https:\/\/b2b.oldvaliens.com\/fiarucci\/wp-content\/uploads\/sites\/2\/2025\/09\/logo_678.gif","contentUrl":"https:\/\/b2b.oldvaliens.com\/fiarucci\/wp-content\/uploads\/sites\/2\/2025\/09\/logo_678.gif","width":259,"height":38,"caption":"Fiarucci"},"image":{"@id":"https:\/\/b2b.oldvaliens.com\/fiarucci\/#\/schema\/logo\/image\/"}}]}},"_links":{"self":[{"href":"https:\/\/b2b.oldvaliens.com\/fiarucci\/de\/wp-json\/wp\/v2\/pages\/19545","targetHints":{"allow":["GET"]}}],"collection":[{"href":"https:\/\/b2b.oldvaliens.com\/fiarucci\/de\/wp-json\/wp\/v2\/pages"}],"about":[{"href":"https:\/\/b2b.oldvaliens.com\/fiarucci\/de\/wp-json\/wp\/v2\/types\/page"}],"author":[{"embeddable":true,"href":"https:\/\/b2b.oldvaliens.com\/fiarucci\/de\/wp-json\/wp\/v2\/users\/1"}],"replies":[{"embeddable":true,"href":"https:\/\/b2b.oldvaliens.com\/fiarucci\/de\/wp-json\/wp\/v2\/comments?post=19545"}],"version-history":[{"count":1,"href":"https:\/\/b2b.oldvaliens.com\/fiarucci\/de\/wp-json\/wp\/v2\/pages\/19545\/revisions"}],"predecessor-version":[{"id":19546,"href":"https:\/\/b2b.oldvaliens.com\/fiarucci\/de\/wp-json\/wp\/v2\/pages\/19545\/revisions\/19546"}],"wp:attachment":[{"href":"https:\/\/b2b.oldvaliens.com\/fiarucci\/de\/wp-json\/wp\/v2\/media?parent=19545"}],"curies":[{"name":"wp","href":"https:\/\/api.w.org\/{rel}","templated":true}]}}