{"id":13636,"date":"2025-11-07T00:24:38","date_gmt":"2025-11-06T23:24:38","guid":{"rendered":"https:\/\/b2b.oldvaliens.com\/impressum\/"},"modified":"2025-11-20T12:04:52","modified_gmt":"2025-11-20T11:04:52","slug":"impressum","status":"publish","type":"page","link":"https:\/\/b2b.oldvaliens.com\/fiarucci\/de\/impressum\/","title":{"rendered":"Impressum"},"content":{"rendered":"\t\t<div data-elementor-type=\"wp-page\" data-elementor-id=\"13636\" class=\"elementor elementor-13636 elementor-13339\" data-elementor-post-type=\"page\">\n\t\t\t\t<div class=\"elementor-element elementor-element-4ce453a e-flex e-con-boxed e-con e-parent\" data-id=\"4ce453a\" data-element_type=\"container\" data-e-type=\"container\">\n\t\t\t\t\t<div class=\"e-con-inner\">\n\t\t\t\t<div class=\"elementor-element elementor-element-14abe30 elementor-widget elementor-widget-heading\" data-id=\"14abe30\" data-element_type=\"widget\" data-e-type=\"widget\" data-widget_type=\"heading.default\">\n\t\t\t\t\t<h1 class=\"elementor-heading-title elementor-size-default\">Impressum<\/h1>\t\t\t\t<\/div>\n\t\t\t\t<div class=\"elementor-element elementor-element-5c33d20 elementor-widget elementor-widget-text-editor\" data-id=\"5c33d20\" data-element_type=\"widget\" data-e-type=\"widget\" data-widget_type=\"text-editor.default\">\n\t\t\t\t\t\t\t\t\t<p>Die Website b2b.oldvaliens.com (im Folgenden \u201eWebsite\u201c) ist Eigentum von PACO VALIENTE, S.L.U. (im Folgenden \u201ePaco Valiente\u201c) mit der Steueridentifikationsnummer ESB02050334.<\/p><p>Dieser rechtliche Hinweis enth\u00e4lt die Bedingungen, die im Allgemeinen den Zugriff auf die Website regeln, um die im Online-Katalog verf\u00fcgbaren Produkte einzusehen, sich auf der Website zu registrieren und unsere Veranstaltungen und Neuigkeiten einzusehen.<\/p><p>Bei Fragen oder Anregungen k\u00f6nnen Sie uns eine E-Mail an folgende Adresse senden: <a href=\"mailto:fiarucci@oldvaliens.com\">fiarucci@oldvaliens.com<\/a>, oder Sie k\u00f6nnen uns \u00fcber das auf der Website eingerichtete Kontaktformular kontaktieren.<\/p><h2><strong>Allgemeine Gesch\u00e4ftsbedingungen<\/strong><\/h2><p>Durch den Zugriff auf die Website und deren Nutzung wird man zum Nutzer der Website und erkl\u00e4rt sich mit diesem RECHTLICHEN HINWEIS einverstanden, unbeschadet der besonderen Bedingungen, die f\u00fcr die Nutzung bestimmter und besonderer Dienste erforderlich sein k\u00f6nnen.<\/p><p>Als Nutzer gilt jede Person, die auf die Website zugreift, sie durchsucht oder nutzt oder an den dort stattfindenden kostenlosen oder kostenpflichtigen Diensten und Aktivit\u00e4ten teilnimmt. Der Nutzer muss diesen RECHTLICHEN HINWEIS sorgf\u00e4ltig lesen, wenn er die Website nutzen m\u00f6chte, da sowohl der Hinweis als auch die Website ge\u00e4ndert worden sein k\u00f6nnen. <\/p><p>Wenn der Nutzer mit einer der in diesem Hinweis enthaltenen Bedingungen nicht einverstanden ist, muss er die Nutzung der Website unverz\u00fcglich einstellen.<\/p><p>Paco Valiens beh\u00e4lt sich das Recht vor, die Website oder diesen RECHTLICHEN HINWEIS jederzeit ohne vorherige Ank\u00fcndigung zu \u00e4ndern und\/oder anzupassen, um \u00c4nderungen in der geltenden Gesetzgebung oder aus anderen Gr\u00fcnden, die sich aus seinem Gesch\u00e4ftsmodell oder \u00c4nderungen daran ergeben, oder aus anderen Gr\u00fcnden, die Paco Valiens f\u00fcr zweckm\u00e4\u00dfig h\u00e4lt, zu erf\u00fcllen. Die neue Fassung der Bedingungen wird auf derselben Website ver\u00f6ffentlicht. Die G\u00fcltigkeitsdauer dieser allgemeinen Bedingungen stimmt daher mit dem Zeitpunkt ihrer Ver\u00f6ffentlichung \u00fcberein, bis sie ganz oder teilweise ge\u00e4ndert werden; zu diesem Zeitpunkt treten die ge\u00e4nderten allgemeinen Bedingungen in Kraft.  <\/p><p>Sollte eine Bestimmung oder Bestimmungen dieser allgemeinen Bedingungen von einem Gericht, Tribunal oder einer zust\u00e4ndigen Verwaltungsbeh\u00f6rde ganz oder teilweise f\u00fcr nichtig oder nicht anwendbar befunden werden, so ber\u00fchrt diese Nichtigkeit oder Aufhebung nicht die \u00fcbrigen Bestimmungen der allgemeinen Bedingungen oder die besonderen Bedingungen der verschiedenen m\u00f6glichen Dienstleistungen, die von Paco Valiens erbracht werden.<\/p><h3>1. Besondere Registrierungsbedingungen<strong><br><\/strong><\/h3><p>Diese besonderen Registrierungsbedingungen werden einerseits vom Eigent\u00fcmer der Website und andererseits vom Nutzer, der nat\u00fcrlichen Person, die das Formular zur Erstellung eines Kontos ausgef\u00fcllt und die auf der Website angegebenen Schritte zur Durchf\u00fchrung der Registrierung befolgt hat, zusammen mit der Annahme dieser besonderen Bedingungen abgeschlossen.<\/p><h4>1.1. Voraussetzungen und Verfahren zur Erstellung eines Kontos<strong><br><\/strong><\/h4><p>Um ein Konto auf der Website zu erstellen, muss der Nutzer eine vollj\u00e4hrige nat\u00fcrliche Person gem\u00e4\u00df spanischem Recht sein.<\/p><p>Der Nutzer muss die Option \u201e<em>Konto erstellen<\/em>\u201c aufrufen, seine E-Mail-Adresse eingeben und diese dann mit einem Passwort \u00fcber das daf\u00fcr vorgesehene Formular sichern. Der Nutzer muss alle auf der Website angegebenen Schritte ausf\u00fchren, einschlie\u00dflich der Annahme der Datenschutzrichtlinie und der besonderen Registrierungsbedingungen, und erh\u00e4lt dann den Status eines registrierten Nutzers gem\u00e4\u00df den Bestimmungen dieser Bedingungen. <\/p><p>Die Best\u00e4tigung der Registrierung und die Identifizierung als registrierter Nutzer erfolgt \u00fcber den Zugriff auf die Website, wie in der von der Website gesendeten Willkommensnachricht beschrieben.<\/p><p>F\u00fcr den Fall, dass sich der registrierte Nutzer nicht an das Passwort erinnert, kann er die Funktion \u201e<em>Ich habe mein Passwort vergessen<\/em>\u201c verwenden, um es zur\u00fcckzusetzen, indem er die E-Mail-Adresse angibt, mit der die Registrierung vorgenommen wurde. Daraufhin wird automatisch eine Nachricht gesendet, die es erm\u00f6glicht, \u00fcber einen Link ein neues Passwort festzulegen.<\/p><h4>1.2. Die Website<strong><br><\/strong><\/h4><p>Die Registrierung auf der Website erm\u00f6glicht es Ihnen, die im Online-Katalog verf\u00fcgbaren Produkte zu erwerben sowie eine Aufzeichnung der get\u00e4tigten K\u00e4ufe zu f\u00fchren. Registrierte Nutzer k\u00f6nnen Listen erstellen, indem sie ihre Lieblingsprodukte ausw\u00e4hlen und die Informationen zu Zahlungsmethoden und Bestelladressen f\u00fcr zuk\u00fcnftige K\u00e4ufe speichern. <\/p><h4>1.3. Pflichten des registrierten Nutzers<strong><br><\/strong><\/h4><p>Der registrierte Nutzer hat folgende Pflichten:<\/p><p>Nicht mehrere Nutzerkonten auf der Website zu registrieren und dies auch nicht unter Verwendung falscher Informationen oder unter Vort\u00e4uschung Dritter zu tun.<\/p><p>Das Konto eines anderen Nutzers nicht ohne Genehmigung oder Zustimmung zu nutzen oder zu versuchen, es zu nutzen.<\/p><p>Die alleinige Verantwortung f\u00fcr alle Aktivit\u00e4ten zu \u00fcbernehmen, die von diesem registrierten Nutzerprofil auf der Website ausgehen.<\/p><p>Sicherzustellen, dass die Zugangsdaten vertraulich behandelt werden, da der Nutzer f\u00fcr alle Sch\u00e4den verantwortlich ist, die ihm oder Dritten aufgrund eines Versto\u00dfes gegen diese Bedingungen entstehen. Sie sind auch f\u00fcr alle Aktionen verantwortlich, die \u00fcber Ihr registriertes Nutzerprofil vorgenommen werden, es sei denn, es wurde deaktiviert oder seine Sicherheit wurde aufgrund externer Ursachen beeintr\u00e4chtigt. Insbesondere m\u00fcssen Sie:  <\/p><ul><li>Ihr Konto auf dem neuesten Stand halten.<\/li><li>Das gew\u00e4hlte Passwort vertraulich aufbewahren.<\/li><li>Sicherstellen, dass Sie der einzige Nutzer sind, der das erstellte Konto verwendet.<\/li><li>Das Konto niemals vermarkten, verkaufen oder an Dritte \u00fcbertragen.<\/li><\/ul><p>Jede Registrierung oder jeder Zugriff auf die verf\u00fcgbaren Dienste unter Verwendung falscher Daten befreit den Eigent\u00fcmer von jeglicher Verantwortung, da der registrierte Nutzer f\u00fcr die Angabe seiner wahrheitsgem\u00e4\u00dfen Daten auf der Website verantwortlich ist.<\/p><h4>1.4. \u00c4nderung und L\u00f6schung des registrierten Nutzerkontos<strong><br><\/strong><\/h4><p>Der registrierte Nutzer kann die Daten in dem erstellten Konto jederzeit \u00e4ndern sowie es durch eine Mitteilung an den Eigent\u00fcmer an die E-Mail-Adresse <a href=\"mailto:fiarucci@oldvaliens.com\">fiarucci@oldvaliens.com<\/a> l\u00f6schen.<\/p><h3>2. Pflichten der Nutzer<strong><br><\/strong><\/h3><p>Nutzer (die dies werden, indem sie einfach auf die Website zugreifen und sie durchsuchen) m\u00fcssen:<\/p><p>Die Website sorgf\u00e4ltig, korrekt und rechtm\u00e4\u00dfig nutzen, die geltenden Gesetze einhalten und sich jederzeit an allgemein anerkannte Verhaltensweisen und die \u00f6ffentliche Ordnung halten.<\/p><p>Diese Allgemeinen Nutzungsbedingungen oder andere, die m\u00f6glicherweise gelten, regelm\u00e4\u00dfig \u00fcberpr\u00fcfen und auf \u00c4nderungen pr\u00fcfen, die auftreten k\u00f6nnen.<\/p><p>Alle gesendeten Mitteilungen \u00fcberpr\u00fcfen, da sie wichtige Informationen enthalten k\u00f6nnen.<\/p><p>Die Website niemals f\u00fcr kommerzielle Zwecke nutzen und insbesondere niemals Informationen oder Inhalte sammeln, um Dienstleistungen anzubieten, die eindeutig mit denen des Eigent\u00fcmers konkurrieren.<\/p><p>Die Website niemals in irgendeiner Weise ver\u00e4ndern (oder versuchen, sie zu ver\u00e4ndern) oder Handlungen vornehmen oder Ressourcen verwenden, die ihr Aussehen oder ihre Funktionen imitieren.<\/p><p>Den Dienst (oder das Netzwerk oder die mit dem Dienst verbundenen Netzwerke) niemals besch\u00e4digen, deaktivieren, \u00fcberlasten oder beeintr\u00e4chtigen oder die Nutzung und den Genuss durch andere beeintr\u00e4chtigen.<\/p><p>Es unterlassen, Handlungen vorzunehmen, die die Einf\u00fchrung von Viren, W\u00fcrmern, Trojanern oder anderen Arten von b\u00f6sartigem Code beinhalten, die dazu bestimmt sind, die Funktionalit\u00e4t der Website zu unterbrechen, zu zerst\u00f6ren oder einzuschr\u00e4nken.<\/p><p>Keine Reverse-Engineering-Techniken, Entschl\u00fcsselung, Dekompilierung oder andere Systeme oder Prozesse verwenden, die dazu bestimmt sind, den Quellcode der Website aufzudecken.<\/p><p>Unter keinen Umst\u00e4nden Aktivit\u00e4ten jeglicher Art durchf\u00fchren, die die Rechte oder Interessen des Eigent\u00fcmers oder Dritter verletzen k\u00f6nnten, wie z. B. Rechte an geistigem oder gewerblichem Eigentum (Patente, Marken, Urheberrechte, Gesch\u00e4ftsgeheimnisse usw.).<\/p><h3>3. Rechte an geistigem und gewerblichem Eigentum<strong><br><\/strong><\/h3><p>Paco Valiens besitzt das Urheberrecht an allen Elementen, aus denen die Website besteht, wie sie von dieser Disziplin abgedeckt werden, was insbesondere als die Texte, Grafiken, Zeichnungen, Designs, Codes, Software, Fotos, Musik, Videos, Sounds, Datenbanken, Bilder, Ausdr\u00fccke und Informationen und andere Inhalte zu verstehen sind, entweder durch urspr\u00fcngliches Eigentum, das eine ausschlie\u00dfliche Aus\u00fcbung der Rechte zur Verwertung des gesamten oder eines Teils des Inhalts gew\u00e4hrt, oder durch den Erhalt der entsprechenden Nutzungslizenzen oder Abtretungen von Rechten an allen oder einigen der Elemente, die in der urheberrechtlich gesch\u00fctzten Website enthalten sind.<\/p><p>Ebenso kann Paco Valiens auch das gewerbliche Eigentum an den in der Website enthaltenen Kennzeichen beanspruchen, die dieser Disziplin unterliegen, in \u00e4hnlicher Weise wie im vorherigen Fall, entweder als urspr\u00fcnglicher Eigent\u00fcmer oder als Lizenznehmer.<\/p><p>Unter keinen Umst\u00e4nden impliziert der Zugriff des Nutzers auf die Website und das Surfen auf ihr einen Verzicht, eine \u00dcbertragung, eine Lizenzierung oder eine vollst\u00e4ndige oder teilweise Abtretung der genannten Rechte an geistigem und gewerblichem Eigentum durch Paco Valiens.<\/p><p>Jede Verletzung der Rechte an geistigem und gewerblichem Eigentum, die den Inhalt der Website sch\u00fctzen, durch den Nutzer oder jede unbefugte Nutzung dieser Elemente zieht die in der geltenden Gesetzgebung festgelegten Verantwortlichkeiten nach sich.<\/p><h3>4. Haftungsausschluss<strong><br><\/strong><\/h3><p>Peter Hunt garantiert nicht die Rechtm\u00e4\u00dfigkeit, Zuverl\u00e4ssigkeit, N\u00fctzlichkeit, Wahrhaftigkeit oder Genauigkeit der \u00fcber die Website verbreiteten Dienste oder Informationen oder dass diese frei von Viren oder sch\u00e4dlichen Komponenten sind. Dennoch erkl\u00e4rt Paco Valiens, dass er alle notwendigen Ma\u00dfnahmen im Rahmen seiner M\u00f6glichkeiten und der Grenzen der aktuellen Technologie ergriffen hat, um das korrekte und angemessene Funktionieren der Website zu gew\u00e4hrleisten, und verpflichtet sich, soweit m\u00f6glich, die \u00fcbliche Sorgfalt bei der Behebung von Fehlern zu walten, die auftreten k\u00f6nnen, seien sie technischer oder anderer Natur, vorausgesetzt, die vorherrschenden Umst\u00e4nde machen dies nicht unm\u00f6glich oder schwer durchf\u00fchrbar. <\/p><h3>5. Rechte Dritter<strong><br><\/strong><\/h3><p>Auf der Website ist es wahrscheinlich, dass der Nutzer Links zu anderen Webseiten \u00fcber verschiedene Links, Banner usw. findet, die von Dritten verwaltet werden. Peter Hunt ist nicht verantwortlich f\u00fcr den Inhalt oder andere Aspekte der Websites, zu denen solche Links f\u00fchren k\u00f6nnen. Die Einrichtung jeglicher Art von Link von der Website zu einer anderen Website impliziert nicht, dass notwendigerweise irgendeine Art von Beziehung, Zusammenarbeit oder Abh\u00e4ngigkeit zwischen Paco Valiens und der f\u00fcr die andere Website verantwortlichen Partei besteht.  <\/p><p>Paco Valiens garantiert nicht die Rechtm\u00e4\u00dfigkeit, Zuverl\u00e4ssigkeit und N\u00fctzlichkeit der von Dritten \u00fcber die Website erbrachten Dienstleistungen oder wenn Paco Valiens nur als Werbemittel oder Vermittlungsdienstleister fungiert.<\/p><p>Paco Valiens haftet nicht f\u00fcr Sch\u00e4den jeglicher Art, die durch die von Dritten \u00fcber diese Seite erbrachten Dienstleistungen verursacht werden, noch f\u00fcr Inhalte, Informationen oder Dienstleistungen, zu denen die Website verlinken kann, noch garantiert er das Fehlen von Viren oder anderen sch\u00e4dlichen Komponenten, die von solchen Drittanbieterdiensten abgeleitet sind.<\/p><h3>6. Verst\u00f6\u00dfe<strong><br><\/strong><\/h3><p>Der Eigent\u00fcmer kann Nutzer, die die f\u00fcr sie geltenden Bedingungen nicht einhalten, sanktionieren und sie m\u00f6glicherweise vor\u00fcbergehend oder dauerhaft von der Website ausschlie\u00dfen. Die Dauer der Sanktion h\u00e4ngt von der Art des Versto\u00dfes ab. Eine solche Zugangsbeschr\u00e4nkung bedeutet unter keinen Umst\u00e4nden einen Anspruch auf Entsch\u00e4digung.  <\/p><h3>7. Entsch\u00e4digung<strong><br><\/strong><\/h3><p>Jegliche Art von Sch\u00e4den, Verlusten oder Kosten (einschlie\u00dflich Anwalts- und\/oder Anwaltskosten), die sich aus einem Versto\u00df des Nutzers gegen diese Bedingungen oder andere anwendbare Bedingungen ergeben, die dem Eigent\u00fcmer entstanden sind, sind von dem Nutzer zu tragen, der sie verursacht hat. Dies umfasst alle Anspr\u00fcche Dritter, die sich aus einer solchen Nichteinhaltung ergeben. <\/p><h3>8. \u00c4nderungen<strong><br><\/strong><\/h3><p>Diese Bedingungen k\u00f6nnen jederzeit und\/oder ohne Vorank\u00fcndigung ge\u00e4ndert und\/oder aktualisiert werden. Die \u00c4nderungen werden ab dem Datum der Ver\u00f6ffentlichung auf der Website wirksam, unabh\u00e4ngig von dem Medium und der Form, die zu diesem Zweck verwendet werden. <\/p><p>Die \u00c4nderungen betreffen nur Nutzer, die sie nach der \u00c4nderung akzeptiert haben.<\/p><h3>9. Sonstige Fragen<strong><br><\/strong><\/h3><h4>9.1. Schutzklausel<\/h4><p>Sollten einzelne Klauseln dieses RECHTLICHEN HINWEISES durch zwingende gesetzliche Bestimmungen f\u00fcr nichtig erkl\u00e4rt werden oder ihre G\u00fcltigkeit verlieren, so ber\u00fchrt dieser Umstand den \u00fcbrigen Inhalt so weit wie m\u00f6glich nicht. Alle f\u00fcr ung\u00fcltig oder nicht durchsetzbar erkl\u00e4rten Bestimmungen werden durch g\u00fcltige Bestimmungen ersetzt, die dem Geist und Zweck dieses RECHTLICHEN HINWEISES so nahe wie m\u00f6glich kommen. <\/p><h4>9.2. Sprache<\/h4><p>Dieser RECHTLICHE HINWEIS ist je nach der in der oberen rechten Ecke der Website gew\u00e4hlten Browsersprache in Englisch, Franz\u00f6sisch und Deutsch verf\u00fcgbar.<\/p><p>Im Falle eines Widerspruchs oder einer Abweichung zwischen den Bestimmungen in den einzelnen Sprachen ist immer die englische Version ma\u00dfgebend.<\/p><h4>9.3. Recht und Gerichtsbarkeit<\/h4><p>Die Beziehung zwischen dem Eigent\u00fcmer und dem Nutzer unterliegt spanischem Recht, und alle Unstimmigkeiten oder Konflikte in Bezug auf diese Bedingungen werden den Gerichten und Tribunalen des registrierten Wohnsitzes des Nutzers vorgelegt, vorausgesetzt, dass der Nutzer ein Verbraucher und Nutzer gem\u00e4\u00df den geltenden Vorschriften ist.<\/p>\t\t\t\t\t\t\t\t<\/div>\n\t\t\t\t\t<\/div>\n\t\t\t\t<\/div>\n\t\t\t\t<\/div>\n\t\t","protected":false},"excerpt":{"rendered":"<p>Impressum Die Website b2b.oldvaliens.com (im Folgenden \u201eWebsite\u201c) ist Eigentum von PACO VALIENTE, S.L.U. (im Folgenden \u201ePaco Valiente\u201c) mit der Steueridentifikationsnummer ESB02050334. Dieser rechtliche Hinweis enth\u00e4lt die Bedingungen, die im Allgemeinen den Zugriff auf die Website regeln, um die im Online-Katalog verf\u00fcgbaren Produkte einzusehen, sich auf der Website zu registrieren und unsere Veranstaltungen und Neuigkeiten einzusehen. [&hellip;]<\/p>\n","protected":false},"author":1,"featured_media":0,"parent":0,"menu_order":0,"comment_status":"closed","ping_status":"closed","template":"","meta":{"footnotes":""},"class_list":["post-13636","page","type-page","status-publish","hentry"],"yoast_head":"<!-- This site is optimized with the Yoast SEO plugin v27.4 - https:\/\/yoast.com\/product\/yoast-seo-wordpress\/ -->\n<title>Impressum - Fiarucci<\/title>\n<meta name=\"robots\" content=\"index, follow, max-snippet:-1, max-image-preview:large, max-video-preview:-1\" \/>\n<link rel=\"canonical\" href=\"https:\/\/b2b.oldvaliens.com\/fiarucci\/legal-notice\/\" \/>\n<meta property=\"og:locale\" content=\"de_DE\" \/>\n<meta property=\"og:type\" content=\"article\" \/>\n<meta property=\"og:title\" content=\"Impressum - Fiarucci\" \/>\n<meta property=\"og:description\" content=\"Impressum Die Website b2b.oldvaliens.com (im Folgenden \u201eWebsite\u201c) ist Eigentum von PACO VALIENTE, S.L.U. (im Folgenden \u201ePaco Valiente\u201c) mit der Steueridentifikationsnummer ESB02050334. Dieser rechtliche Hinweis enth\u00e4lt die Bedingungen, die im Allgemeinen den Zugriff auf die Website regeln, um die im Online-Katalog verf\u00fcgbaren Produkte einzusehen, sich auf der Website zu registrieren und unsere Veranstaltungen und Neuigkeiten einzusehen. [&hellip;]\" \/>\n<meta property=\"og:url\" content=\"https:\/\/b2b.oldvaliens.com\/fiarucci\/legal-notice\/\" \/>\n<meta property=\"og:site_name\" content=\"Fiarucci\" \/>\n<meta property=\"article:modified_time\" content=\"2025-11-20T11:04:52+00:00\" \/>\n<meta name=\"twitter:card\" content=\"summary_large_image\" \/>\n<meta name=\"twitter:label1\" content=\"Gesch\u00e4tzte Lesezeit\" \/>\n\t<meta name=\"twitter:data1\" content=\"10\u00a0Minuten\" \/>\n<script type=\"application\/ld+json\" class=\"yoast-schema-graph\">{\"@context\":\"https:\\\/\\\/schema.org\",\"@graph\":[{\"@type\":\"WebPage\",\"@id\":\"https:\\\/\\\/b2b.oldvaliens.com\\\/fiarucci\\\/legal-notice\\\/\",\"url\":\"https:\\\/\\\/b2b.oldvaliens.com\\\/fiarucci\\\/legal-notice\\\/\",\"name\":\"Impressum - Fiarucci\",\"isPartOf\":{\"@id\":\"https:\\\/\\\/b2b.oldvaliens.com\\\/fiarucci\\\/#website\"},\"datePublished\":\"2025-11-06T23:24:38+00:00\",\"dateModified\":\"2025-11-20T11:04:52+00:00\",\"breadcrumb\":{\"@id\":\"https:\\\/\\\/b2b.oldvaliens.com\\\/fiarucci\\\/legal-notice\\\/#breadcrumb\"},\"inLanguage\":\"de\",\"potentialAction\":[{\"@type\":\"ReadAction\",\"target\":[\"https:\\\/\\\/b2b.oldvaliens.com\\\/fiarucci\\\/legal-notice\\\/\"]}]},{\"@type\":\"BreadcrumbList\",\"@id\":\"https:\\\/\\\/b2b.oldvaliens.com\\\/fiarucci\\\/legal-notice\\\/#breadcrumb\",\"itemListElement\":[{\"@type\":\"ListItem\",\"position\":1,\"name\":\"Home\",\"item\":\"https:\\\/\\\/b2b.oldvaliens.com\\\/fiarucci\\\/\"},{\"@type\":\"ListItem\",\"position\":2,\"name\":\"Impressum\"}]},{\"@type\":\"WebSite\",\"@id\":\"https:\\\/\\\/b2b.oldvaliens.com\\\/fiarucci\\\/#website\",\"url\":\"https:\\\/\\\/b2b.oldvaliens.com\\\/fiarucci\\\/\",\"name\":\"Fiarucci\",\"description\":\"\",\"publisher\":{\"@id\":\"https:\\\/\\\/b2b.oldvaliens.com\\\/fiarucci\\\/#organization\"},\"potentialAction\":[{\"@type\":\"SearchAction\",\"target\":{\"@type\":\"EntryPoint\",\"urlTemplate\":\"https:\\\/\\\/b2b.oldvaliens.com\\\/fiarucci\\\/?s={search_term_string}\"},\"query-input\":{\"@type\":\"PropertyValueSpecification\",\"valueRequired\":true,\"valueName\":\"search_term_string\"}}],\"inLanguage\":\"de\"},{\"@type\":\"Organization\",\"@id\":\"https:\\\/\\\/b2b.oldvaliens.com\\\/fiarucci\\\/#organization\",\"name\":\"Fiarucci\",\"url\":\"https:\\\/\\\/b2b.oldvaliens.com\\\/fiarucci\\\/\",\"logo\":{\"@type\":\"ImageObject\",\"inLanguage\":\"de\",\"@id\":\"https:\\\/\\\/b2b.oldvaliens.com\\\/fiarucci\\\/#\\\/schema\\\/logo\\\/image\\\/\",\"url\":\"https:\\\/\\\/b2b.oldvaliens.com\\\/fiarucci\\\/wp-content\\\/uploads\\\/sites\\\/2\\\/2025\\\/09\\\/logo_678.gif\",\"contentUrl\":\"https:\\\/\\\/b2b.oldvaliens.com\\\/fiarucci\\\/wp-content\\\/uploads\\\/sites\\\/2\\\/2025\\\/09\\\/logo_678.gif\",\"width\":259,\"height\":38,\"caption\":\"Fiarucci\"},\"image\":{\"@id\":\"https:\\\/\\\/b2b.oldvaliens.com\\\/fiarucci\\\/#\\\/schema\\\/logo\\\/image\\\/\"}}]}<\/script>\n<!-- \/ Yoast SEO plugin. -->","yoast_head_json":{"title":"Impressum - Fiarucci","robots":{"index":"index","follow":"follow","max-snippet":"max-snippet:-1","max-image-preview":"max-image-preview:large","max-video-preview":"max-video-preview:-1"},"canonical":"https:\/\/b2b.oldvaliens.com\/fiarucci\/legal-notice\/","og_locale":"de_DE","og_type":"article","og_title":"Impressum - Fiarucci","og_description":"Impressum Die Website b2b.oldvaliens.com (im Folgenden \u201eWebsite\u201c) ist Eigentum von PACO VALIENTE, S.L.U. (im Folgenden \u201ePaco Valiente\u201c) mit der Steueridentifikationsnummer ESB02050334. Dieser rechtliche Hinweis enth\u00e4lt die Bedingungen, die im Allgemeinen den Zugriff auf die Website regeln, um die im Online-Katalog verf\u00fcgbaren Produkte einzusehen, sich auf der Website zu registrieren und unsere Veranstaltungen und Neuigkeiten einzusehen. [&hellip;]","og_url":"https:\/\/b2b.oldvaliens.com\/fiarucci\/legal-notice\/","og_site_name":"Fiarucci","article_modified_time":"2025-11-20T11:04:52+00:00","twitter_card":"summary_large_image","twitter_misc":{"Gesch\u00e4tzte Lesezeit":"10\u00a0Minuten"},"schema":{"@context":"https:\/\/schema.org","@graph":[{"@type":"WebPage","@id":"https:\/\/b2b.oldvaliens.com\/fiarucci\/legal-notice\/","url":"https:\/\/b2b.oldvaliens.com\/fiarucci\/legal-notice\/","name":"Impressum - Fiarucci","isPartOf":{"@id":"https:\/\/b2b.oldvaliens.com\/fiarucci\/#website"},"datePublished":"2025-11-06T23:24:38+00:00","dateModified":"2025-11-20T11:04:52+00:00","breadcrumb":{"@id":"https:\/\/b2b.oldvaliens.com\/fiarucci\/legal-notice\/#breadcrumb"},"inLanguage":"de","potentialAction":[{"@type":"ReadAction","target":["https:\/\/b2b.oldvaliens.com\/fiarucci\/legal-notice\/"]}]},{"@type":"BreadcrumbList","@id":"https:\/\/b2b.oldvaliens.com\/fiarucci\/legal-notice\/#breadcrumb","itemListElement":[{"@type":"ListItem","position":1,"name":"Home","item":"https:\/\/b2b.oldvaliens.com\/fiarucci\/"},{"@type":"ListItem","position":2,"name":"Impressum"}]},{"@type":"WebSite","@id":"https:\/\/b2b.oldvaliens.com\/fiarucci\/#website","url":"https:\/\/b2b.oldvaliens.com\/fiarucci\/","name":"Fiarucci","description":"","publisher":{"@id":"https:\/\/b2b.oldvaliens.com\/fiarucci\/#organization"},"potentialAction":[{"@type":"SearchAction","target":{"@type":"EntryPoint","urlTemplate":"https:\/\/b2b.oldvaliens.com\/fiarucci\/?s={search_term_string}"},"query-input":{"@type":"PropertyValueSpecification","valueRequired":true,"valueName":"search_term_string"}}],"inLanguage":"de"},{"@type":"Organization","@id":"https:\/\/b2b.oldvaliens.com\/fiarucci\/#organization","name":"Fiarucci","url":"https:\/\/b2b.oldvaliens.com\/fiarucci\/","logo":{"@type":"ImageObject","inLanguage":"de","@id":"https:\/\/b2b.oldvaliens.com\/fiarucci\/#\/schema\/logo\/image\/","url":"https:\/\/b2b.oldvaliens.com\/fiarucci\/wp-content\/uploads\/sites\/2\/2025\/09\/logo_678.gif","contentUrl":"https:\/\/b2b.oldvaliens.com\/fiarucci\/wp-content\/uploads\/sites\/2\/2025\/09\/logo_678.gif","width":259,"height":38,"caption":"Fiarucci"},"image":{"@id":"https:\/\/b2b.oldvaliens.com\/fiarucci\/#\/schema\/logo\/image\/"}}]}},"_links":{"self":[{"href":"https:\/\/b2b.oldvaliens.com\/fiarucci\/de\/wp-json\/wp\/v2\/pages\/13636","targetHints":{"allow":["GET"]}}],"collection":[{"href":"https:\/\/b2b.oldvaliens.com\/fiarucci\/de\/wp-json\/wp\/v2\/pages"}],"about":[{"href":"https:\/\/b2b.oldvaliens.com\/fiarucci\/de\/wp-json\/wp\/v2\/types\/page"}],"author":[{"embeddable":true,"href":"https:\/\/b2b.oldvaliens.com\/fiarucci\/de\/wp-json\/wp\/v2\/users\/1"}],"replies":[{"embeddable":true,"href":"https:\/\/b2b.oldvaliens.com\/fiarucci\/de\/wp-json\/wp\/v2\/comments?post=13636"}],"version-history":[{"count":2,"href":"https:\/\/b2b.oldvaliens.com\/fiarucci\/de\/wp-json\/wp\/v2\/pages\/13636\/revisions"}],"predecessor-version":[{"id":18599,"href":"https:\/\/b2b.oldvaliens.com\/fiarucci\/de\/wp-json\/wp\/v2\/pages\/13636\/revisions\/18599"}],"wp:attachment":[{"href":"https:\/\/b2b.oldvaliens.com\/fiarucci\/de\/wp-json\/wp\/v2\/media?parent=13636"}],"curies":[{"name":"wp","href":"https:\/\/api.w.org\/{rel}","templated":true}]}}