{"id":13408,"date":"2025-11-07T00:25:12","date_gmt":"2025-11-06T23:25:12","guid":{"rendered":"https:\/\/b2b.oldvaliens.com\/datenschutzbestimmungen\/"},"modified":"2025-11-20T12:19:23","modified_gmt":"2025-11-20T11:19:23","slug":"datenschutzbestimmungen","status":"publish","type":"page","link":"https:\/\/b2b.oldvaliens.com\/fiarucci\/de\/datenschutzbestimmungen\/","title":{"rendered":"Datenschutzbestimmungen"},"content":{"rendered":"\t\t<div data-elementor-type=\"wp-page\" data-elementor-id=\"13408\" class=\"elementor elementor-13408 elementor-13342\" data-elementor-post-type=\"page\">\n\t\t\t\t<div class=\"elementor-element elementor-element-2b294f7 e-flex e-con-boxed e-con e-parent\" data-id=\"2b294f7\" data-element_type=\"container\" data-e-type=\"container\">\n\t\t\t\t\t<div class=\"e-con-inner\">\n\t\t\t\t<div class=\"elementor-element elementor-element-b5bbac8 elementor-widget elementor-widget-heading\" data-id=\"b5bbac8\" data-element_type=\"widget\" data-e-type=\"widget\" data-widget_type=\"heading.default\">\n\t\t\t\t\t<h1 class=\"elementor-heading-title elementor-size-default\">Datenschutzbestimmungen<\/h1>\t\t\t\t<\/div>\n\t\t\t\t<div class=\"elementor-element elementor-element-87dd583 elementor-widget elementor-widget-text-editor\" data-id=\"87dd583\" data-element_type=\"widget\" data-e-type=\"widget\" data-widget_type=\"text-editor.default\">\n\t\t\t\t\t\t\t\t\t<p>In Anwendung der Bestimmungen der Datenschutz-Grundverordnung (DSGVO) und des Gesetzes 34\/2002 vom 11. Juli \u00fcber die Dienste der Informationsgesellschaft und den elektronischen Handel (LSSI) m\u00f6chten wir Sie dar\u00fcber informieren, dass unser Unternehmen die geltenden Gesetze in Bezug auf die Verarbeitung personenbezogener Daten und die Informationssicherheit strikt einh\u00e4lt, um seinen Nutzern zu garantieren, dass die Erhebung und Verarbeitung ihrer personenbezogenen Daten mit den entsprechenden Sicherheitsgarantien erfolgt. Bevor Sie uns kontaktieren und Ihre Daten angeben, lesen Sie bitte die folgende Datenschutzerkl\u00e4rung sorgf\u00e4ltig durch. <\/p><h3>1. Verantwortlicher f\u00fcr die Datenverarbeitung<\/h3><p>PACO VALIENTE, S.L.U. (im Folgenden \u201ePaco Valiente\u201c), mit der Steueridentifikationsnummer ESB02050334, ist f\u00fcr diese Website verantwortlich.<\/p><p>Sie k\u00f6nnen Paco Valiente per E-Mail an <span style=\"text-decoration: underline;\"><a href=\"mailto:fiarucci@oldvaliens.com\">fiarucci@oldvaliens.com<\/a><\/span> kontaktieren.<\/p><h3>2. Zweck der Verarbeitung<strong><br><\/strong><\/h3><p>Bei Paco Valiente verarbeiten wir die personenbezogenen Daten unserer Kunden und Nutzer f\u00fcr die folgenden Zwecke:<\/p><p>Verwaltung und Aufrechterhaltung des Vertragsverh\u00e4ltnisses mit dem Ziel, die vertraglich vereinbarten Dienstleistungen zu erbringen. Versand regelm\u00e4\u00dfiger Mitteilungen \u00fcber die von uns angebotenen Dienstleistungen sowie Neuigkeiten im Zusammenhang mit unserer T\u00e4tigkeit, alles vorbehaltlich der Einholung Ihrer vorherigen ausdr\u00fccklichen Einwilligung. Um die gesetzlich festgelegten Verpflichtungen zu erf\u00fcllen.  <\/p><p>Paco Valiente speichert Ihre Daten so lange, wie sie f\u00fcr den Zweck verwendet werden m\u00fcssen, f\u00fcr den sie erhoben wurden, und bis die gesetzlichen Aufbewahrungspflichten erf\u00fcllt sind.<\/p><p>Im Falle von kommerziellen Mitteilungen k\u00f6nnen Sie jederzeit die L\u00f6schung Ihrer Daten unter Aus\u00fcbung Ihrer Rechte verlangen. Um mehr \u00fcber die Aus\u00fcbung Ihrer Rechte zu erfahren, lesen Sie bitte unseren Abschnitt \u00fcber \u201eRechte\u201c. <\/p><h3>3. Legitimit\u00e4t<strong><br><\/strong><\/h3><p>Die Rechtsgrundlage f\u00fcr die Verarbeitung Ihrer Daten durch Paco Valiente basiert auf der Einholung Ihrer Einwilligung, die f\u00fcr jeden Einzelfall gesondert angefordert wird.<\/p><p>Im Falle eines Vertragsverh\u00e4ltnisses werden Ihre Daten auf der Grundlage der ordnungsgem\u00e4\u00dfen Erf\u00fcllung des Vertrages verarbeitet. Sie k\u00f6nnen jederzeit die Bezugnahme auf den Vertrag verlangen, auf dessen Grundlage wir Ihre Daten verarbeiten. <\/p><p>Gelegentlich k\u00f6nnen Ihre Daten auf der Grundlage der Erf\u00fcllung spezifischer gesetzlicher Verpflichtungen verarbeitet werden; in diesem Fall k\u00f6nnen Sie Informationen \u00fcber die spezifischen Regeln anfordern, nach denen wir Ihre Daten verarbeiten.<\/p><h3>4. Empf\u00e4nger<strong><br><\/strong><\/h3><p>Ihre Daten k\u00f6nnen an andere Unternehmen der Paco Valiente-Unternehmensgruppe f\u00fcr interne Verwaltungszwecke weitergegeben werden. Sie werden unter keinen Umst\u00e4nden an Dritte weitergegeben. <\/p><h3>5. Rechte<strong><br><\/strong><\/h3><p>Sie k\u00f6nnen Paco Valiente schriftlich an C\/ Escultor Jos\u00e9 Luis S\u00e1nchez, 3-7, 02640, Almansa (Albacete, Spain) kontaktieren; oder per E-Mail an <span style=\"text-decoration: underline;\"><a href=\"mailto:fiarucci@oldvaliens.com\">fiarucci@oldvaliens.com<\/a><\/span>, um die Aus\u00fcbung der folgenden Rechte zu beantragen:<\/p><p>Auskunft dar\u00fcber zu erhalten, ob Paco Valiente Sie betreffende personenbezogene Daten verarbeitet oder nicht.<\/p><p>Zugang zu Ihren personenbezogenen Daten sowie das Recht, die Berichtigung unrichtiger Daten zu verlangen oder gegebenenfalls deren L\u00f6schung zu beantragen, wenn die Daten unter anderem f\u00fcr die Zwecke, f\u00fcr die sie erhoben wurden, nicht mehr erforderlich sind.<\/p><p>Die \u00dcbertragbarkeit Ihrer Daten zu verlangen:<\/p><p>Unter bestimmten Umst\u00e4nden k\u00f6nnen Sie eine Einschr\u00e4nkung der Verarbeitung Ihrer Daten verlangen; in diesem Fall werden wir sie nur zum Zwecke der Aus\u00fcbung oder Verteidigung von Anspr\u00fcchen aufbewahren.<\/p><p>Unter bestimmten Umst\u00e4nden und aus Gr\u00fcnden, die sich aus Ihrer besonderen Situation ergeben, k\u00f6nnen Sie der Verarbeitung Ihrer Daten widersprechen. In diesem Fall wird Paco Valiente die Verarbeitung der Daten einstellen, es sei denn, es liegen zwingende schutzw\u00fcrdige Gr\u00fcnde vor oder die Verarbeitung dient der Aus\u00fcbung oder Verteidigung von Rechtsanspr\u00fcchen. <\/p><p>Sich an die spanische Datenschutzbeh\u00f6rde zu wenden, wenn Sie der Ansicht sind, dass Paco Valiente Ihre Rechte verletzt hat.<\/p><p>Paco Valiente verpflichtet sich zur Einhaltung und insbesondere zum Schutz Ihrer Daten.<\/p><p>Wenn Sie mehr \u00fcber unsere Datenschutzrichtlinie erfahren m\u00f6chten oder Fragen zur Verarbeitung Ihrer Daten haben, k\u00f6nnen Sie uns per E-Mail unter <span style=\"text-decoration: underline;\"><a href=\"mailto:fiarucci@oldvaliens.com\">fiarucci@oldvaliens.com<\/a><\/span> kontaktieren.<\/p>\t\t\t\t\t\t\t\t<\/div>\n\t\t\t\t\t<\/div>\n\t\t\t\t<\/div>\n\t\t\t\t<\/div>\n\t\t","protected":false},"excerpt":{"rendered":"<p>Datenschutzbestimmungen In Anwendung der Bestimmungen der Datenschutz-Grundverordnung (DSGVO) und des Gesetzes 34\/2002 vom 11. Juli \u00fcber die Dienste der Informationsgesellschaft und den elektronischen Handel (LSSI) m\u00f6chten wir Sie dar\u00fcber informieren, dass unser Unternehmen die geltenden Gesetze in Bezug auf die Verarbeitung personenbezogener Daten und die Informationssicherheit strikt einh\u00e4lt, um seinen Nutzern zu garantieren, dass die [&hellip;]<\/p>\n","protected":false},"author":1,"featured_media":0,"parent":0,"menu_order":0,"comment_status":"closed","ping_status":"closed","template":"","meta":{"footnotes":""},"class_list":["post-13408","page","type-page","status-publish","hentry"],"yoast_head":"<!-- This site is optimized with the Yoast SEO plugin v27.4 - https:\/\/yoast.com\/product\/yoast-seo-wordpress\/ -->\n<title>Datenschutzbestimmungen - Fiarucci<\/title>\n<meta name=\"robots\" content=\"index, follow, max-snippet:-1, max-image-preview:large, max-video-preview:-1\" \/>\n<link rel=\"canonical\" href=\"https:\/\/b2b.oldvaliens.com\/fiarucci\/privacy-policy\/\" \/>\n<meta property=\"og:locale\" content=\"de_DE\" \/>\n<meta property=\"og:type\" content=\"article\" \/>\n<meta property=\"og:title\" content=\"Datenschutzbestimmungen - Fiarucci\" \/>\n<meta property=\"og:description\" content=\"Datenschutzbestimmungen In Anwendung der Bestimmungen der Datenschutz-Grundverordnung (DSGVO) und des Gesetzes 34\/2002 vom 11. Juli \u00fcber die Dienste der Informationsgesellschaft und den elektronischen Handel (LSSI) m\u00f6chten wir Sie dar\u00fcber informieren, dass unser Unternehmen die geltenden Gesetze in Bezug auf die Verarbeitung personenbezogener Daten und die Informationssicherheit strikt einh\u00e4lt, um seinen Nutzern zu garantieren, dass die [&hellip;]\" \/>\n<meta property=\"og:url\" content=\"https:\/\/b2b.oldvaliens.com\/fiarucci\/privacy-policy\/\" \/>\n<meta property=\"og:site_name\" content=\"Fiarucci\" \/>\n<meta property=\"article:modified_time\" content=\"2025-11-20T11:19:23+00:00\" \/>\n<meta name=\"twitter:card\" content=\"summary_large_image\" \/>\n<meta name=\"twitter:label1\" content=\"Gesch\u00e4tzte Lesezeit\" \/>\n\t<meta name=\"twitter:data1\" content=\"3\u00a0Minuten\" \/>\n<script type=\"application\/ld+json\" class=\"yoast-schema-graph\">{\"@context\":\"https:\\\/\\\/schema.org\",\"@graph\":[{\"@type\":\"WebPage\",\"@id\":\"https:\\\/\\\/b2b.oldvaliens.com\\\/fiarucci\\\/privacy-policy\\\/\",\"url\":\"https:\\\/\\\/b2b.oldvaliens.com\\\/fiarucci\\\/privacy-policy\\\/\",\"name\":\"Datenschutzbestimmungen - Fiarucci\",\"isPartOf\":{\"@id\":\"https:\\\/\\\/b2b.oldvaliens.com\\\/fiarucci\\\/#website\"},\"datePublished\":\"2025-11-06T23:25:12+00:00\",\"dateModified\":\"2025-11-20T11:19:23+00:00\",\"breadcrumb\":{\"@id\":\"https:\\\/\\\/b2b.oldvaliens.com\\\/fiarucci\\\/privacy-policy\\\/#breadcrumb\"},\"inLanguage\":\"de\",\"potentialAction\":[{\"@type\":\"ReadAction\",\"target\":[\"https:\\\/\\\/b2b.oldvaliens.com\\\/fiarucci\\\/privacy-policy\\\/\"]}]},{\"@type\":\"BreadcrumbList\",\"@id\":\"https:\\\/\\\/b2b.oldvaliens.com\\\/fiarucci\\\/privacy-policy\\\/#breadcrumb\",\"itemListElement\":[{\"@type\":\"ListItem\",\"position\":1,\"name\":\"Home\",\"item\":\"https:\\\/\\\/b2b.oldvaliens.com\\\/fiarucci\\\/\"},{\"@type\":\"ListItem\",\"position\":2,\"name\":\"Datenschutzbestimmungen\"}]},{\"@type\":\"WebSite\",\"@id\":\"https:\\\/\\\/b2b.oldvaliens.com\\\/fiarucci\\\/#website\",\"url\":\"https:\\\/\\\/b2b.oldvaliens.com\\\/fiarucci\\\/\",\"name\":\"Fiarucci\",\"description\":\"\",\"publisher\":{\"@id\":\"https:\\\/\\\/b2b.oldvaliens.com\\\/fiarucci\\\/#organization\"},\"potentialAction\":[{\"@type\":\"SearchAction\",\"target\":{\"@type\":\"EntryPoint\",\"urlTemplate\":\"https:\\\/\\\/b2b.oldvaliens.com\\\/fiarucci\\\/?s={search_term_string}\"},\"query-input\":{\"@type\":\"PropertyValueSpecification\",\"valueRequired\":true,\"valueName\":\"search_term_string\"}}],\"inLanguage\":\"de\"},{\"@type\":\"Organization\",\"@id\":\"https:\\\/\\\/b2b.oldvaliens.com\\\/fiarucci\\\/#organization\",\"name\":\"Fiarucci\",\"url\":\"https:\\\/\\\/b2b.oldvaliens.com\\\/fiarucci\\\/\",\"logo\":{\"@type\":\"ImageObject\",\"inLanguage\":\"de\",\"@id\":\"https:\\\/\\\/b2b.oldvaliens.com\\\/fiarucci\\\/#\\\/schema\\\/logo\\\/image\\\/\",\"url\":\"https:\\\/\\\/b2b.oldvaliens.com\\\/fiarucci\\\/wp-content\\\/uploads\\\/sites\\\/2\\\/2025\\\/09\\\/logo_678.gif\",\"contentUrl\":\"https:\\\/\\\/b2b.oldvaliens.com\\\/fiarucci\\\/wp-content\\\/uploads\\\/sites\\\/2\\\/2025\\\/09\\\/logo_678.gif\",\"width\":259,\"height\":38,\"caption\":\"Fiarucci\"},\"image\":{\"@id\":\"https:\\\/\\\/b2b.oldvaliens.com\\\/fiarucci\\\/#\\\/schema\\\/logo\\\/image\\\/\"}}]}<\/script>\n<!-- \/ Yoast SEO plugin. -->","yoast_head_json":{"title":"Datenschutzbestimmungen - Fiarucci","robots":{"index":"index","follow":"follow","max-snippet":"max-snippet:-1","max-image-preview":"max-image-preview:large","max-video-preview":"max-video-preview:-1"},"canonical":"https:\/\/b2b.oldvaliens.com\/fiarucci\/privacy-policy\/","og_locale":"de_DE","og_type":"article","og_title":"Datenschutzbestimmungen - Fiarucci","og_description":"Datenschutzbestimmungen In Anwendung der Bestimmungen der Datenschutz-Grundverordnung (DSGVO) und des Gesetzes 34\/2002 vom 11. Juli \u00fcber die Dienste der Informationsgesellschaft und den elektronischen Handel (LSSI) m\u00f6chten wir Sie dar\u00fcber informieren, dass unser Unternehmen die geltenden Gesetze in Bezug auf die Verarbeitung personenbezogener Daten und die Informationssicherheit strikt einh\u00e4lt, um seinen Nutzern zu garantieren, dass die [&hellip;]","og_url":"https:\/\/b2b.oldvaliens.com\/fiarucci\/privacy-policy\/","og_site_name":"Fiarucci","article_modified_time":"2025-11-20T11:19:23+00:00","twitter_card":"summary_large_image","twitter_misc":{"Gesch\u00e4tzte Lesezeit":"3\u00a0Minuten"},"schema":{"@context":"https:\/\/schema.org","@graph":[{"@type":"WebPage","@id":"https:\/\/b2b.oldvaliens.com\/fiarucci\/privacy-policy\/","url":"https:\/\/b2b.oldvaliens.com\/fiarucci\/privacy-policy\/","name":"Datenschutzbestimmungen - Fiarucci","isPartOf":{"@id":"https:\/\/b2b.oldvaliens.com\/fiarucci\/#website"},"datePublished":"2025-11-06T23:25:12+00:00","dateModified":"2025-11-20T11:19:23+00:00","breadcrumb":{"@id":"https:\/\/b2b.oldvaliens.com\/fiarucci\/privacy-policy\/#breadcrumb"},"inLanguage":"de","potentialAction":[{"@type":"ReadAction","target":["https:\/\/b2b.oldvaliens.com\/fiarucci\/privacy-policy\/"]}]},{"@type":"BreadcrumbList","@id":"https:\/\/b2b.oldvaliens.com\/fiarucci\/privacy-policy\/#breadcrumb","itemListElement":[{"@type":"ListItem","position":1,"name":"Home","item":"https:\/\/b2b.oldvaliens.com\/fiarucci\/"},{"@type":"ListItem","position":2,"name":"Datenschutzbestimmungen"}]},{"@type":"WebSite","@id":"https:\/\/b2b.oldvaliens.com\/fiarucci\/#website","url":"https:\/\/b2b.oldvaliens.com\/fiarucci\/","name":"Fiarucci","description":"","publisher":{"@id":"https:\/\/b2b.oldvaliens.com\/fiarucci\/#organization"},"potentialAction":[{"@type":"SearchAction","target":{"@type":"EntryPoint","urlTemplate":"https:\/\/b2b.oldvaliens.com\/fiarucci\/?s={search_term_string}"},"query-input":{"@type":"PropertyValueSpecification","valueRequired":true,"valueName":"search_term_string"}}],"inLanguage":"de"},{"@type":"Organization","@id":"https:\/\/b2b.oldvaliens.com\/fiarucci\/#organization","name":"Fiarucci","url":"https:\/\/b2b.oldvaliens.com\/fiarucci\/","logo":{"@type":"ImageObject","inLanguage":"de","@id":"https:\/\/b2b.oldvaliens.com\/fiarucci\/#\/schema\/logo\/image\/","url":"https:\/\/b2b.oldvaliens.com\/fiarucci\/wp-content\/uploads\/sites\/2\/2025\/09\/logo_678.gif","contentUrl":"https:\/\/b2b.oldvaliens.com\/fiarucci\/wp-content\/uploads\/sites\/2\/2025\/09\/logo_678.gif","width":259,"height":38,"caption":"Fiarucci"},"image":{"@id":"https:\/\/b2b.oldvaliens.com\/fiarucci\/#\/schema\/logo\/image\/"}}]}},"_links":{"self":[{"href":"https:\/\/b2b.oldvaliens.com\/fiarucci\/de\/wp-json\/wp\/v2\/pages\/13408","targetHints":{"allow":["GET"]}}],"collection":[{"href":"https:\/\/b2b.oldvaliens.com\/fiarucci\/de\/wp-json\/wp\/v2\/pages"}],"about":[{"href":"https:\/\/b2b.oldvaliens.com\/fiarucci\/de\/wp-json\/wp\/v2\/types\/page"}],"author":[{"embeddable":true,"href":"https:\/\/b2b.oldvaliens.com\/fiarucci\/de\/wp-json\/wp\/v2\/users\/1"}],"replies":[{"embeddable":true,"href":"https:\/\/b2b.oldvaliens.com\/fiarucci\/de\/wp-json\/wp\/v2\/comments?post=13408"}],"version-history":[{"count":2,"href":"https:\/\/b2b.oldvaliens.com\/fiarucci\/de\/wp-json\/wp\/v2\/pages\/13408\/revisions"}],"predecessor-version":[{"id":18609,"href":"https:\/\/b2b.oldvaliens.com\/fiarucci\/de\/wp-json\/wp\/v2\/pages\/13408\/revisions\/18609"}],"wp:attachment":[{"href":"https:\/\/b2b.oldvaliens.com\/fiarucci\/de\/wp-json\/wp\/v2\/media?parent=13408"}],"curies":[{"name":"wp","href":"https:\/\/api.w.org\/{rel}","templated":true}]}}